{"id":1025,"date":"2020-07-17T13:24:45","date_gmt":"2020-07-17T13:24:45","guid":{"rendered":"http:\/\/www.michael-riedel.at\/?page_id=1025"},"modified":"2023-02-13T16:04:30","modified_gmt":"2023-02-13T16:04:30","slug":"was-bowen-ist","status":"publish","type":"page","link":"http:\/\/www.michael-riedel.at\/de\/was-bowen-ist\/","title":{"rendered":"Was Bowen ist"},"content":{"rendered":"<h2 class=\"wp-block-heading\" id=\"h-bowen-wird-seit-40-jahren-sehr-erfolgreich-angewendet\">Bowen wird seit 40 Jahren sehr erfolgreich angewendet.<\/h2>\n\n\n\n<p>Die Bowen Technik ist eine einzigartige und wirkungsvolle Methode, um K\u00f6rper und Geist in Einklang zu bringen. Es ist eine speziell entwickelte Methode, die aus sanften manuellen Eingriffen besteht, die tief in die Muskeln und Bindegewebe eindringen, wodurch Spannungen und Blockaden im K\u00f6rper gel\u00f6st werden. Die vorteilhafte Wirkung der Bowen Technik hilft Ihnen, sich entspannt und vital zu f\u00fchlen &#8211; K\u00f6rper, Geist und Seele werden bei einer Behandlung Stimuli erhalten, die sie in eine tiefe Entspannung versetzen und sie gleichzeitig beleben.<\/p>\n\n\n\n<p>Die Bowen Technik ist eine einzigartige, sanfte und tiefgreifende Heilmethode, die beim Menschen die F\u00e4higkeit steigert, sich selbst zu regulieren und zu heilen. Sie wurde von Tom Bowen, einem australischen Heilpraktiker, entwickelt und war zu seiner Zeit eine revolution\u00e4re neue Behandlungsmethode. Die Bowen Technik besteht aus sanften Griffen auf der Haut in Kombination mit leichten Bewegungen und Pausen. Sie wirkt tiefgreifend und hat eine Vielzahl von Vorteilen. Sie hilft dem K\u00f6rper, sich zu entspannen und die Selbstheilungskr\u00e4fte zu st\u00e4rken. Durch die sanften Bewegungen und die Pausen zwischen den Techniken wird der K\u00f6rper aufgefordert, seine Energie zu ordnen und zu regulieren. Dadurch werden Stress, Muskelverspannungen und Schmerzen gelindert, die K\u00f6rperfunktionen verbessert und die nat\u00fcrliche Balance wieder hergestellt.\u00a0<\/p>\n\n\n\n<p>Die Bowen Technik als dynamische Muskel- und Bindegewebstechnik, wirkt sehr entspannend und hilft dem K\u00f6rper wieder ins Gleichgewicht zu kommen, in dem eigene Ressourcen der Selbstregulation gen\u00fctzt werden. Es wird am ganzen K\u00f6rper gearbeitet &#8211; mit Serien von sanften, aber pr\u00e4zisen Griffen an speziellen Bereichen des K\u00f6rpers, \u00fcber Muskeln, Sehnen, B\u00e4ndern und Faszien\/Bindegewebe.<\/p>\n\n\n\n<p>Durch eine 2min\u00fctige Pause zwischen den Griffen wird dem K\u00f6rper die M\u00f6glichkeit zur Regulation gegeben.<\/p>\n\n\n\n<p>Eine Anwendung dauert zwischen 20 und 60 Minuten, idealerweise sollte nach einer Woche eine weitere Anwendung folgen.<\/p>\n\n\n\n<p>Das folgende Video gibt einen kurzen \u00dcberblick.<\/p>\n\n\n\n<figure class=\"wp-block-embed is-type-video is-provider-youtube wp-block-embed-youtube wp-embed-aspect-16-9 wp-has-aspect-ratio\"><div class=\"wp-block-embed__wrapper\">\n<iframe title=\"Was kann die Bowen Therapie? Wie verhilft sie zu heilendem Energiefluss?\" width=\"500\" height=\"281\" data-src=\"https:\/\/www.youtube.com\/embed\/QjXPGLXED5E?feature=oembed\" frameborder=\"0\" allow=\"accelerometer; autoplay; clipboard-write; encrypted-media; gyroscope; picture-in-picture; web-share\" referrerpolicy=\"strict-origin-when-cross-origin\" allowfullscreen src=\"data:image\/svg+xml;base64,PHN2ZyB3aWR0aD0iMSIgaGVpZ2h0PSIxIiB4bWxucz0iaHR0cDovL3d3dy53My5vcmcvMjAwMC9zdmciPjwvc3ZnPg==\" class=\"lazyload\" data-load-mode=\"1\"><\/iframe>\n<\/div><\/figure>\n\n\n\n<p><\/p>\n\n\n\n<h2 class=\"wp-block-heading\" id=\"h-tom-bowen\">Tom Bowen<\/h2>\n\n\n\n<p>Verstorben 1982, entwickelte diese umfassende Technik in Geelong, Victoria, in Australien. Er stammte aus sehr \u00e4rmlichen Verh\u00e4ltnissen. Sein anatomisches Wissen bezog er autodidakt aus Fachb\u00fcchern und Intuition. Durch unerm\u00fcdliches Arbeiten mit Menschen enstand diese einzigartige Methode.<\/p>\n\n\n\n<p>Tom Bowen er\u00f6ffnete schlie\u00dflich seine Klinik im Ganztagesbetrieb und behandelte sehr erfolgreich \u00fcber 13.000 Klienten pro Jahr. Kinder behandelte er \u00fcbrigens immer gratis.<\/p>","protected":false},"excerpt":{"rendered":"<p>Bowen wird seit 40 Jahren sehr erfolgreich angewendet. Die Bowen Technik ist eine einzigartige und wirkungsvolle Methode, um K\u00f6rper und Geist in Einklang zu bringen. Es ist eine speziell entwickelte Methode, die aus sanften manuellen Eingriffen besteht, die tief in die Muskeln und Bindegewebe eindringen, wodurch Spannungen und Blockaden im K\u00f6rper gel\u00f6st werden. Die vorteilhafte [&hellip;]<\/p>\n","protected":false},"author":1,"featured_media":0,"parent":0,"menu_order":0,"comment_status":"closed","ping_status":"closed","template":"","meta":{"footnotes":""},"class_list":["post-1025","page","type-page","status-publish","hentry"],"yoast_head":"<!-- This site is optimized with the Yoast SEO plugin v27.5 - https:\/\/yoast.com\/product\/yoast-seo-wordpress\/ -->\n<title>Bowen erkl\u00e4rt - Wie funktioniert diese Technik?<\/title>\n<meta name=\"robots\" content=\"index, follow, max-snippet:-1, max-image-preview:large, max-video-preview:-1\" \/>\n<link rel=\"canonical\" href=\"https:\/\/www.michael-riedel.at\/de\/was-bowen-ist\/\" \/>\n<meta property=\"og:locale\" content=\"de_DE\" \/>\n<meta property=\"og:type\" content=\"article\" \/>\n<meta property=\"og:title\" content=\"Bowen erkl\u00e4rt - Wie funktioniert diese Technik?\" \/>\n<meta property=\"og:description\" content=\"Bowen wird seit 40 Jahren sehr erfolgreich angewendet. Die Bowen Technik ist eine einzigartige und wirkungsvolle Methode, um K\u00f6rper und Geist in Einklang zu bringen. Es ist eine speziell entwickelte Methode, die aus sanften manuellen Eingriffen besteht, die tief in die Muskeln und Bindegewebe eindringen, wodurch Spannungen und Blockaden im K\u00f6rper gel\u00f6st werden. Die vorteilhafte [&hellip;]\" \/>\n<meta property=\"og:url\" content=\"https:\/\/www.michael-riedel.at\/de\/was-bowen-ist\/\" \/>\n<meta property=\"og:site_name\" content=\"Ganzheitliche Praxis f\u00fcr Aroma-, Bowen- und Frequenztherapie - Mag. (FH) Michael Riedel\" \/>\n<meta property=\"article:modified_time\" content=\"2023-02-13T16:04:30+00:00\" \/>\n<meta name=\"twitter:card\" content=\"summary_large_image\" \/>\n<meta name=\"twitter:label1\" content=\"Gesch\u00e4tzte Lesezeit\" \/>\n\t<meta name=\"twitter:data1\" content=\"2 Minuten\" \/>\n<script type=\"application\/ld+json\" class=\"yoast-schema-graph\">{\"@context\":\"https:\\\/\\\/schema.org\",\"@graph\":[{\"@type\":\"WebPage\",\"@id\":\"https:\\\/\\\/www.michael-riedel.at\\\/was-bowen-ist\\\/\",\"url\":\"https:\\\/\\\/www.michael-riedel.at\\\/was-bowen-ist\\\/\",\"name\":\"Bowen erkl\u00e4rt - Wie funktioniert diese Technik?\",\"isPartOf\":{\"@id\":\"http:\\\/\\\/www.michael-riedel.at\\\/#website\"},\"datePublished\":\"2020-07-17T13:24:45+00:00\",\"dateModified\":\"2023-02-13T16:04:30+00:00\",\"breadcrumb\":{\"@id\":\"https:\\\/\\\/www.michael-riedel.at\\\/was-bowen-ist\\\/#breadcrumb\"},\"inLanguage\":\"de-AT\",\"potentialAction\":[{\"@type\":\"ReadAction\",\"target\":[\"https:\\\/\\\/www.michael-riedel.at\\\/was-bowen-ist\\\/\"]}]},{\"@type\":\"BreadcrumbList\",\"@id\":\"https:\\\/\\\/www.michael-riedel.at\\\/was-bowen-ist\\\/#breadcrumb\",\"itemListElement\":[{\"@type\":\"ListItem\",\"position\":1,\"name\":\"Home\",\"item\":\"https:\\\/\\\/www.michael-riedel.at\\\/\"},{\"@type\":\"ListItem\",\"position\":2,\"name\":\"Was Bowen ist\"}]},{\"@type\":\"WebSite\",\"@id\":\"http:\\\/\\\/www.michael-riedel.at\\\/#website\",\"url\":\"http:\\\/\\\/www.michael-riedel.at\\\/\",\"name\":\"Ganzheitliche Praxis f\u00fcr Aroma-, Bowen- und Frequenztherapie - Mag. (FH) Michael Riedel\",\"description\":\"\",\"publisher\":{\"@id\":\"http:\\\/\\\/www.michael-riedel.at\\\/#organization\"},\"potentialAction\":[{\"@type\":\"SearchAction\",\"target\":{\"@type\":\"EntryPoint\",\"urlTemplate\":\"http:\\\/\\\/www.michael-riedel.at\\\/?s={search_term_string}\"},\"query-input\":{\"@type\":\"PropertyValueSpecification\",\"valueRequired\":true,\"valueName\":\"search_term_string\"}}],\"inLanguage\":\"de-AT\"},{\"@type\":\"Organization\",\"@id\":\"http:\\\/\\\/www.michael-riedel.at\\\/#organization\",\"name\":\"Bowenpraxis Mag.(FH) Michael Riedel\",\"url\":\"http:\\\/\\\/www.michael-riedel.at\\\/\",\"logo\":{\"@type\":\"ImageObject\",\"inLanguage\":\"de-AT\",\"@id\":\"http:\\\/\\\/www.michael-riedel.at\\\/#\\\/schema\\\/logo\\\/image\\\/\",\"url\":\"https:\\\/\\\/i0.wp.com\\\/www.michael-riedel.at\\\/wp-content\\\/uploads\\\/mr_background_popup_600x600.png?fit=600%2C600&ssl=1\",\"contentUrl\":\"https:\\\/\\\/i0.wp.com\\\/www.michael-riedel.at\\\/wp-content\\\/uploads\\\/mr_background_popup_600x600.png?fit=600%2C600&ssl=1\",\"width\":600,\"height\":600,\"caption\":\"Bowenpraxis Mag.(FH) Michael Riedel\"},\"image\":{\"@id\":\"http:\\\/\\\/www.michael-riedel.at\\\/#\\\/schema\\\/logo\\\/image\\\/\"}}]}<\/script>\n<!-- \/ Yoast SEO plugin. -->","yoast_head_json":{"title":"Bowen erkl\u00e4rt - Wie funktioniert diese Technik?","robots":{"index":"index","follow":"follow","max-snippet":"max-snippet:-1","max-image-preview":"max-image-preview:large","max-video-preview":"max-video-preview:-1"},"canonical":"https:\/\/www.michael-riedel.at\/de\/was-bowen-ist\/","og_locale":"de_DE","og_type":"article","og_title":"Bowen erkl\u00e4rt - Wie funktioniert diese Technik?","og_description":"Bowen wird seit 40 Jahren sehr erfolgreich angewendet. Die Bowen Technik ist eine einzigartige und wirkungsvolle Methode, um K\u00f6rper und Geist in Einklang zu bringen. Es ist eine speziell entwickelte Methode, die aus sanften manuellen Eingriffen besteht, die tief in die Muskeln und Bindegewebe eindringen, wodurch Spannungen und Blockaden im K\u00f6rper gel\u00f6st werden. Die vorteilhafte [&hellip;]","og_url":"https:\/\/www.michael-riedel.at\/de\/was-bowen-ist\/","og_site_name":"Ganzheitliche Praxis f\u00fcr Aroma-, Bowen- und Frequenztherapie - Mag. (FH) Michael Riedel","article_modified_time":"2023-02-13T16:04:30+00:00","twitter_card":"summary_large_image","twitter_misc":{"Gesch\u00e4tzte Lesezeit":"2 Minuten"},"schema":{"@context":"https:\/\/schema.org","@graph":[{"@type":"WebPage","@id":"https:\/\/www.michael-riedel.at\/was-bowen-ist\/","url":"https:\/\/www.michael-riedel.at\/was-bowen-ist\/","name":"Bowen erkl\u00e4rt - Wie funktioniert diese Technik?","isPartOf":{"@id":"http:\/\/www.michael-riedel.at\/#website"},"datePublished":"2020-07-17T13:24:45+00:00","dateModified":"2023-02-13T16:04:30+00:00","breadcrumb":{"@id":"https:\/\/www.michael-riedel.at\/was-bowen-ist\/#breadcrumb"},"inLanguage":"de-AT","potentialAction":[{"@type":"ReadAction","target":["https:\/\/www.michael-riedel.at\/was-bowen-ist\/"]}]},{"@type":"BreadcrumbList","@id":"https:\/\/www.michael-riedel.at\/was-bowen-ist\/#breadcrumb","itemListElement":[{"@type":"ListItem","position":1,"name":"Home","item":"https:\/\/www.michael-riedel.at\/"},{"@type":"ListItem","position":2,"name":"Was Bowen ist"}]},{"@type":"WebSite","@id":"http:\/\/www.michael-riedel.at\/#website","url":"http:\/\/www.michael-riedel.at\/","name":"Ganzheitliche Praxis f\u00fcr Aroma-, Bowen- und Frequenztherapie - Mag. (FH) Michael Riedel","description":"","publisher":{"@id":"http:\/\/www.michael-riedel.at\/#organization"},"potentialAction":[{"@type":"SearchAction","target":{"@type":"EntryPoint","urlTemplate":"http:\/\/www.michael-riedel.at\/?s={search_term_string}"},"query-input":{"@type":"PropertyValueSpecification","valueRequired":true,"valueName":"search_term_string"}}],"inLanguage":"de-AT"},{"@type":"Organization","@id":"http:\/\/www.michael-riedel.at\/#organization","name":"Bowenpraxis Mag.(FH) Michael Riedel","url":"http:\/\/www.michael-riedel.at\/","logo":{"@type":"ImageObject","inLanguage":"de-AT","@id":"http:\/\/www.michael-riedel.at\/#\/schema\/logo\/image\/","url":"https:\/\/i0.wp.com\/www.michael-riedel.at\/wp-content\/uploads\/mr_background_popup_600x600.png?fit=600%2C600&ssl=1","contentUrl":"https:\/\/i0.wp.com\/www.michael-riedel.at\/wp-content\/uploads\/mr_background_popup_600x600.png?fit=600%2C600&ssl=1","width":600,"height":600,"caption":"Bowenpraxis Mag.(FH) Michael Riedel"},"image":{"@id":"http:\/\/www.michael-riedel.at\/#\/schema\/logo\/image\/"}}]}},"_links":{"self":[{"href":"http:\/\/www.michael-riedel.at\/de\/wp-json\/wp\/v2\/pages\/1025","targetHints":{"allow":["GET"]}}],"collection":[{"href":"http:\/\/www.michael-riedel.at\/de\/wp-json\/wp\/v2\/pages"}],"about":[{"href":"http:\/\/www.michael-riedel.at\/de\/wp-json\/wp\/v2\/types\/page"}],"author":[{"embeddable":true,"href":"http:\/\/www.michael-riedel.at\/de\/wp-json\/wp\/v2\/users\/1"}],"replies":[{"embeddable":true,"href":"http:\/\/www.michael-riedel.at\/de\/wp-json\/wp\/v2\/comments?post=1025"}],"version-history":[{"count":0,"href":"http:\/\/www.michael-riedel.at\/de\/wp-json\/wp\/v2\/pages\/1025\/revisions"}],"wp:attachment":[{"href":"http:\/\/www.michael-riedel.at\/de\/wp-json\/wp\/v2\/media?parent=1025"}],"curies":[{"name":"wp","href":"https:\/\/api.w.org\/{rel}","templated":true}]}}