{"id":1030,"date":"2020-07-17T13:27:17","date_gmt":"2020-07-17T13:27:17","guid":{"rendered":"http:\/\/www.michael-riedel.at\/?page_id=1030"},"modified":"2020-07-17T16:53:32","modified_gmt":"2020-07-17T16:53:32","slug":"was-bowen-nicht-ist","status":"publish","type":"page","link":"http:\/\/www.michael-riedel.at\/de\/was-bowen-nicht-ist\/","title":{"rendered":"Was Bowen nicht ist"},"content":{"rendered":"<p>Obwohl bei BOWEN immer ein ganzheitliches Verst\u00e4ndnis von K\u00f6rper, Geist und Seele mitschwingt, ist diese Technik keine rein k\u00f6rperliche, aber auch keine rein spirituelle Methode. BOWEN l\u00e4sst sich im Grunde mit keiner anderen Methode vergleichen und ist eine Technik, die viele Wirksamkeiten ins sich vereint.<\/p>\n\n\n\n<p><i class=\"fa fa-heart\" aria-hidden=\"true\"> <\/i> <strong>Bowen ist keine Massage.<\/strong><\/p>\n\n\n\n<p>Obwohl die Technik an Muskeln und Bindegewebe ansetzt, begn\u00fcgt sie sich mit sehr sanften Impulsen. Tiefe und manchmal sehr schmerzhafte Massagegriffe gibt es nicht. Muskeln werden auch nicht weichgeknetet, sondern entspannen durch BOWEN Impulse von selber.<\/p>\n\n\n\n<p><i class=\"fa fa-heart\" aria-hidden=\"true\"> <\/i> <strong>BOWEN ist keine Akupressur.<\/strong><\/p>\n\n\n\n<p>Manche Punkte, an denen die die BOWEN Griffe ansetzen, sind mit Akupressurpunkten identisch, andere nicht. Mit BOWEN werden nicht gezielt Punkte an den Meridianen stimuliert \u2013 trotzdem wirkt es auch auf das Meridiansystem.<\/p>\n\n\n\n<p><i class=\"fa fa-heart\" aria-hidden=\"true\"> <\/i> <strong>BOWEN ist keine Lymphdrainage.<\/strong><\/p>\n\n\n\n<p>Der Fluss der Lymphe wird durch BOWEN zwar angeregt, die gezielten Streichungen und Anregungen des Lymphflusses einer Lymphdrainage gibt es aber keine.<\/p>\n\n\n\n<p><i class=\"fa fa-heart\" aria-hidden=\"true\"> <\/i> <strong>BOWEN ist keine Physiotherapie.<\/strong><\/p>\n\n\n\n<p>Bewegungstraining in der Form gibt es bei BOWEN nicht.<\/p>\n\n\n\n<p><i class=\"fa fa-heart\" aria-hidden=\"true\"> <\/i> <strong>BOWEN ist keine Chiropraktik.<\/strong><\/p>\n\n\n\n<p>Starke ruckartige Impulse wie in der Chiropraktik gib es bei BOWEN nicht. Auch wenn sich verschobene Gelenke und Wirbel durch die Arbeit an den Muskeln und Sehnen wieder selbst einrichten k\u00f6nnen, wird nicht am Skelett und Knochengewebe angesetzt.<\/p>","protected":false},"excerpt":{"rendered":"<p>Obwohl bei BOWEN immer ein ganzheitliches Verst\u00e4ndnis von K\u00f6rper, Geist und Seele mitschwingt, ist diese Technik keine rein k\u00f6rperliche, aber auch keine rein spirituelle Methode. BOWEN l\u00e4sst sich im Grunde mit keiner anderen Methode vergleichen und ist eine Technik, die viele Wirksamkeiten ins sich vereint. Bowen ist keine Massage. Obwohl die Technik an Muskeln und [&hellip;]<\/p>\n","protected":false},"author":1,"featured_media":0,"parent":0,"menu_order":0,"comment_status":"closed","ping_status":"closed","template":"","meta":{"footnotes":""},"class_list":["post-1030","page","type-page","status-publish","hentry"],"yoast_head":"<!-- This site is optimized with the Yoast SEO plugin v27.5 - https:\/\/yoast.com\/product\/yoast-seo-wordpress\/ -->\n<title>Was Bowen nicht ist<\/title>\n<meta name=\"robots\" content=\"index, follow, max-snippet:-1, max-image-preview:large, max-video-preview:-1\" \/>\n<link rel=\"canonical\" href=\"https:\/\/www.michael-riedel.at\/de\/was-bowen-nicht-ist\/\" \/>\n<meta property=\"og:locale\" content=\"de_DE\" \/>\n<meta property=\"og:type\" content=\"article\" \/>\n<meta property=\"og:title\" content=\"Was Bowen nicht ist\" \/>\n<meta property=\"og:description\" content=\"Obwohl bei BOWEN immer ein ganzheitliches Verst\u00e4ndnis von K\u00f6rper, Geist und Seele mitschwingt, ist diese Technik keine rein k\u00f6rperliche, aber auch keine rein spirituelle Methode. BOWEN l\u00e4sst sich im Grunde mit keiner anderen Methode vergleichen und ist eine Technik, die viele Wirksamkeiten ins sich vereint. Bowen ist keine Massage. Obwohl die Technik an Muskeln und [&hellip;]\" \/>\n<meta property=\"og:url\" content=\"https:\/\/www.michael-riedel.at\/de\/was-bowen-nicht-ist\/\" \/>\n<meta property=\"og:site_name\" content=\"Ganzheitliche Praxis f\u00fcr Aroma-, Bowen- und Frequenztherapie - Mag. (FH) Michael Riedel\" \/>\n<meta property=\"article:modified_time\" content=\"2020-07-17T16:53:32+00:00\" \/>\n<meta name=\"twitter:card\" content=\"summary_large_image\" \/>\n<meta name=\"twitter:label1\" content=\"Gesch\u00e4tzte Lesezeit\" \/>\n\t<meta name=\"twitter:data1\" content=\"1 Minute\" \/>\n<script type=\"application\/ld+json\" class=\"yoast-schema-graph\">{\"@context\":\"https:\\\/\\\/schema.org\",\"@graph\":[{\"@type\":\"WebPage\",\"@id\":\"https:\\\/\\\/www.michael-riedel.at\\\/was-bowen-nicht-ist\\\/\",\"url\":\"https:\\\/\\\/www.michael-riedel.at\\\/was-bowen-nicht-ist\\\/\",\"name\":\"Was Bowen nicht ist\",\"isPartOf\":{\"@id\":\"http:\\\/\\\/www.michael-riedel.at\\\/#website\"},\"datePublished\":\"2020-07-17T13:27:17+00:00\",\"dateModified\":\"2020-07-17T16:53:32+00:00\",\"breadcrumb\":{\"@id\":\"https:\\\/\\\/www.michael-riedel.at\\\/was-bowen-nicht-ist\\\/#breadcrumb\"},\"inLanguage\":\"de-AT\",\"potentialAction\":[{\"@type\":\"ReadAction\",\"target\":[\"https:\\\/\\\/www.michael-riedel.at\\\/was-bowen-nicht-ist\\\/\"]}]},{\"@type\":\"BreadcrumbList\",\"@id\":\"https:\\\/\\\/www.michael-riedel.at\\\/was-bowen-nicht-ist\\\/#breadcrumb\",\"itemListElement\":[{\"@type\":\"ListItem\",\"position\":1,\"name\":\"Home\",\"item\":\"https:\\\/\\\/www.michael-riedel.at\\\/\"},{\"@type\":\"ListItem\",\"position\":2,\"name\":\"Was Bowen nicht ist\"}]},{\"@type\":\"WebSite\",\"@id\":\"http:\\\/\\\/www.michael-riedel.at\\\/#website\",\"url\":\"http:\\\/\\\/www.michael-riedel.at\\\/\",\"name\":\"Ganzheitliche Praxis f\u00fcr Aroma-, Bowen- und Frequenztherapie - Mag. (FH) Michael Riedel\",\"description\":\"\",\"publisher\":{\"@id\":\"http:\\\/\\\/www.michael-riedel.at\\\/#organization\"},\"potentialAction\":[{\"@type\":\"SearchAction\",\"target\":{\"@type\":\"EntryPoint\",\"urlTemplate\":\"http:\\\/\\\/www.michael-riedel.at\\\/?s={search_term_string}\"},\"query-input\":{\"@type\":\"PropertyValueSpecification\",\"valueRequired\":true,\"valueName\":\"search_term_string\"}}],\"inLanguage\":\"de-AT\"},{\"@type\":\"Organization\",\"@id\":\"http:\\\/\\\/www.michael-riedel.at\\\/#organization\",\"name\":\"Bowenpraxis Mag.(FH) Michael Riedel\",\"url\":\"http:\\\/\\\/www.michael-riedel.at\\\/\",\"logo\":{\"@type\":\"ImageObject\",\"inLanguage\":\"de-AT\",\"@id\":\"http:\\\/\\\/www.michael-riedel.at\\\/#\\\/schema\\\/logo\\\/image\\\/\",\"url\":\"https:\\\/\\\/i0.wp.com\\\/www.michael-riedel.at\\\/wp-content\\\/uploads\\\/mr_background_popup_600x600.png?fit=600%2C600&ssl=1\",\"contentUrl\":\"https:\\\/\\\/i0.wp.com\\\/www.michael-riedel.at\\\/wp-content\\\/uploads\\\/mr_background_popup_600x600.png?fit=600%2C600&ssl=1\",\"width\":600,\"height\":600,\"caption\":\"Bowenpraxis Mag.(FH) Michael Riedel\"},\"image\":{\"@id\":\"http:\\\/\\\/www.michael-riedel.at\\\/#\\\/schema\\\/logo\\\/image\\\/\"}}]}<\/script>\n<!-- \/ Yoast SEO plugin. -->","yoast_head_json":{"title":"Was Bowen nicht ist","robots":{"index":"index","follow":"follow","max-snippet":"max-snippet:-1","max-image-preview":"max-image-preview:large","max-video-preview":"max-video-preview:-1"},"canonical":"https:\/\/www.michael-riedel.at\/de\/was-bowen-nicht-ist\/","og_locale":"de_DE","og_type":"article","og_title":"Was Bowen nicht ist","og_description":"Obwohl bei BOWEN immer ein ganzheitliches Verst\u00e4ndnis von K\u00f6rper, Geist und Seele mitschwingt, ist diese Technik keine rein k\u00f6rperliche, aber auch keine rein spirituelle Methode. BOWEN l\u00e4sst sich im Grunde mit keiner anderen Methode vergleichen und ist eine Technik, die viele Wirksamkeiten ins sich vereint. Bowen ist keine Massage. Obwohl die Technik an Muskeln und [&hellip;]","og_url":"https:\/\/www.michael-riedel.at\/de\/was-bowen-nicht-ist\/","og_site_name":"Ganzheitliche Praxis f\u00fcr Aroma-, Bowen- und Frequenztherapie - Mag. (FH) Michael Riedel","article_modified_time":"2020-07-17T16:53:32+00:00","twitter_card":"summary_large_image","twitter_misc":{"Gesch\u00e4tzte Lesezeit":"1 Minute"},"schema":{"@context":"https:\/\/schema.org","@graph":[{"@type":"WebPage","@id":"https:\/\/www.michael-riedel.at\/was-bowen-nicht-ist\/","url":"https:\/\/www.michael-riedel.at\/was-bowen-nicht-ist\/","name":"Was Bowen nicht ist","isPartOf":{"@id":"http:\/\/www.michael-riedel.at\/#website"},"datePublished":"2020-07-17T13:27:17+00:00","dateModified":"2020-07-17T16:53:32+00:00","breadcrumb":{"@id":"https:\/\/www.michael-riedel.at\/was-bowen-nicht-ist\/#breadcrumb"},"inLanguage":"de-AT","potentialAction":[{"@type":"ReadAction","target":["https:\/\/www.michael-riedel.at\/was-bowen-nicht-ist\/"]}]},{"@type":"BreadcrumbList","@id":"https:\/\/www.michael-riedel.at\/was-bowen-nicht-ist\/#breadcrumb","itemListElement":[{"@type":"ListItem","position":1,"name":"Home","item":"https:\/\/www.michael-riedel.at\/"},{"@type":"ListItem","position":2,"name":"Was Bowen nicht ist"}]},{"@type":"WebSite","@id":"http:\/\/www.michael-riedel.at\/#website","url":"http:\/\/www.michael-riedel.at\/","name":"Ganzheitliche Praxis f\u00fcr Aroma-, Bowen- und Frequenztherapie - Mag. (FH) Michael Riedel","description":"","publisher":{"@id":"http:\/\/www.michael-riedel.at\/#organization"},"potentialAction":[{"@type":"SearchAction","target":{"@type":"EntryPoint","urlTemplate":"http:\/\/www.michael-riedel.at\/?s={search_term_string}"},"query-input":{"@type":"PropertyValueSpecification","valueRequired":true,"valueName":"search_term_string"}}],"inLanguage":"de-AT"},{"@type":"Organization","@id":"http:\/\/www.michael-riedel.at\/#organization","name":"Bowenpraxis Mag.(FH) Michael Riedel","url":"http:\/\/www.michael-riedel.at\/","logo":{"@type":"ImageObject","inLanguage":"de-AT","@id":"http:\/\/www.michael-riedel.at\/#\/schema\/logo\/image\/","url":"https:\/\/i0.wp.com\/www.michael-riedel.at\/wp-content\/uploads\/mr_background_popup_600x600.png?fit=600%2C600&ssl=1","contentUrl":"https:\/\/i0.wp.com\/www.michael-riedel.at\/wp-content\/uploads\/mr_background_popup_600x600.png?fit=600%2C600&ssl=1","width":600,"height":600,"caption":"Bowenpraxis Mag.(FH) Michael Riedel"},"image":{"@id":"http:\/\/www.michael-riedel.at\/#\/schema\/logo\/image\/"}}]}},"_links":{"self":[{"href":"http:\/\/www.michael-riedel.at\/de\/wp-json\/wp\/v2\/pages\/1030","targetHints":{"allow":["GET"]}}],"collection":[{"href":"http:\/\/www.michael-riedel.at\/de\/wp-json\/wp\/v2\/pages"}],"about":[{"href":"http:\/\/www.michael-riedel.at\/de\/wp-json\/wp\/v2\/types\/page"}],"author":[{"embeddable":true,"href":"http:\/\/www.michael-riedel.at\/de\/wp-json\/wp\/v2\/users\/1"}],"replies":[{"embeddable":true,"href":"http:\/\/www.michael-riedel.at\/de\/wp-json\/wp\/v2\/comments?post=1030"}],"version-history":[{"count":0,"href":"http:\/\/www.michael-riedel.at\/de\/wp-json\/wp\/v2\/pages\/1030\/revisions"}],"wp:attachment":[{"href":"http:\/\/www.michael-riedel.at\/de\/wp-json\/wp\/v2\/media?parent=1030"}],"curies":[{"name":"wp","href":"https:\/\/api.w.org\/{rel}","templated":true}]}}