{"id":1406,"date":"2020-08-31T10:58:15","date_gmt":"2020-08-31T10:58:15","guid":{"rendered":"http:\/\/www.michael-riedel.at\/?page_id=1406"},"modified":"2020-09-02T20:49:21","modified_gmt":"2020-09-02T20:49:21","slug":"firmenangebot","status":"publish","type":"page","link":"http:\/\/www.michael-riedel.at\/de\/firmenangebot\/","title":{"rendered":"Firmenangebot"},"content":{"rendered":"<p>Mitarbeiter mit \u00fcberwiegend sitzender T\u00e4tigkeit neigen h\u00e4ufig zu ungesunder K\u00f6rperhaltung. In Folge k\u00f6nnen Nacken- und R\u00fcckenschmerzen auftreten und Unwohlsein am Arbeitsplatz verursachen. Migr\u00e4ne und Kopfschmerzen z\u00e4hlen ebenso zu h\u00e4ufigen Disharmonien. Diese Beschwerden k\u00f6nnen jedoch Stress mit sich bringen. &#8222;Stress&#8220; ein Wort in aller Munde, doch seine Folgen sind tiefgreifender als erw\u00fcnscht und k\u00f6nnen gravierende Einschnitte mit sich bringen.<\/p>\n\n\n\n<p>Bekannterweise wirkt sich Stress nicht nur auf den K\u00f6rper, sondern auch auf den geistig, emotionalen Zustand aus (vergleiche \u201eStress und Stressbew\u00e4ltigung\u201c von Heinrichs, St\u00e4chele, Domes), den der Mitarbeiter meist an den Arbeitsplatz mitnimmt.<\/p>\n\n\n\n<p>Viele Unternehmen entdecken den Mehrwert von gesundheitsf\u00f6rdernden Ma\u00dfnahmen und nutzen die M\u00f6glichkeit von mobilen Bowen Practitionern. <\/p>\n\n\n\n<p>Sorgen auch Sie f\u00fcr ihr Unternehmen und ihre Mitarbeiter mittels <a href=\"http:\/\/www.michael-riedel.at\/de\/gesundheit-messen\/\">HRV &#8211; Gesundheitsmessungen <\/a> und <a href=\"http:\/\/www.michael-riedel.at\/de\/was-bowen-ist\/\">Bowenandwendungen <\/a>zur Entspannung vor. <\/p>\n\n\n\n<h2 class=\"wp-block-heading\">Vorteile f\u00fcr Mitarbeiter<\/h2>\n\n\n\n<ul class=\"wp-block-list\"><li>Detaillierter Gesundheitscheck mittels HRV (Herzratenvariabilit\u00e4tsmessung)<\/li><li>Verspannungen werden gel\u00f6st und Stress abgebaut<\/li><li>Zeitersparnis &#8211; Nutzung der Dienstleistung im B\u00fcro &#8211; kein externer Dienstweg <\/li><li>einfache Buchung \u00fcber ein Onlineformular<\/li><li>Idealerweise Arbeitgeberbeteiligung von 50 bis 100%<\/li><\/ul>\n\n\n\n<h2 class=\"wp-block-heading\">Vorteile f\u00fcrs Unternehmen<\/h2>\n\n\n\n<ul class=\"wp-block-list\"><li>Senkung der Krankenst\u00e4nde<\/li><li>Mitarbeiterbindung und Steigerung der intrinsischen Motivation<\/li><li>Steigerung des Wohlbefindens und Verbesserung der Work-Life-Balance<\/li><li>Vereinbarung fixer Anwendungszeiten (Wochentag) zur freien Buchung \u00fcber die Mitarbeiter<\/li><li>Geeignet f\u00fcr alle Altersgruppen<\/li><\/ul>\n\n\n\n<p><\/p>\n\n\n\n<h2 class=\"wp-block-heading\">Ablauf \/Rahmenbedingungen<\/h2>\n\n\n\n<p>Von der Bowenpraxis Mag. (FH) Michael Riedel wird ein entsprechendes Online-Formular zur Terminvereinbarung angeboten.<\/p>\n\n\n\n<p>Massageliege und s\u00e4mtliche relevanten Zubeh\u00f6rartikel werden mitgebracht. <\/p>\n\n\n\n<p>Aufwand f\u00fcr das Unternehmen: Anwendungsraum in welchem eine Massageliege normaler Gr\u00f6\u00dfe Platz hat.<\/p>","protected":false},"excerpt":{"rendered":"<p>Mitarbeiter mit \u00fcberwiegend sitzender T\u00e4tigkeit neigen h\u00e4ufig zu ungesunder K\u00f6rperhaltung. In Folge k\u00f6nnen Nacken- und R\u00fcckenschmerzen auftreten und Unwohlsein am Arbeitsplatz verursachen. Migr\u00e4ne und Kopfschmerzen z\u00e4hlen ebenso zu h\u00e4ufigen Disharmonien. Diese Beschwerden k\u00f6nnen jedoch Stress mit sich bringen. &#8222;Stress&#8220; ein Wort in aller Munde, doch seine Folgen sind tiefgreifender als erw\u00fcnscht und k\u00f6nnen gravierende Einschnitte [&hellip;]<\/p>\n","protected":false},"author":1,"featured_media":0,"parent":0,"menu_order":0,"comment_status":"closed","ping_status":"closed","template":"","meta":{"footnotes":""},"class_list":["post-1406","page","type-page","status-publish","hentry"],"yoast_head":"<!-- This site is optimized with the Yoast SEO plugin v27.5 - https:\/\/yoast.com\/product\/yoast-seo-wordpress\/ -->\n<title>Firmenangebot - Ganzheitliche Praxis f\u00fcr Aroma-, Bowen- und Frequenztherapie - Mag. (FH) Michael Riedel<\/title>\n<meta name=\"description\" content=\"Angebot zur Senkung der Krankenst\u00e4nde sowie Mitarbeiterbindung und Steigerung der intrinsischen Motivation und Steigerung des Wohlbefindens und Verbesserung der Work-Life-Balance.\" \/>\n<meta name=\"robots\" content=\"index, follow, max-snippet:-1, max-image-preview:large, max-video-preview:-1\" \/>\n<link rel=\"canonical\" href=\"https:\/\/www.michael-riedel.at\/de\/firmenangebot\/\" \/>\n<meta property=\"og:locale\" content=\"de_DE\" \/>\n<meta property=\"og:type\" content=\"article\" \/>\n<meta property=\"og:title\" content=\"Firmenangebot - Ganzheitliche Praxis f\u00fcr Aroma-, Bowen- und Frequenztherapie - Mag. (FH) Michael Riedel\" \/>\n<meta property=\"og:description\" content=\"Angebot zur Senkung der Krankenst\u00e4nde sowie Mitarbeiterbindung und Steigerung der intrinsischen Motivation und Steigerung des Wohlbefindens und Verbesserung der Work-Life-Balance.\" \/>\n<meta property=\"og:url\" content=\"https:\/\/www.michael-riedel.at\/de\/firmenangebot\/\" \/>\n<meta property=\"og:site_name\" content=\"Ganzheitliche Praxis f\u00fcr Aroma-, Bowen- und Frequenztherapie - Mag. (FH) Michael Riedel\" \/>\n<meta property=\"article:modified_time\" content=\"2020-09-02T20:49:21+00:00\" \/>\n<meta name=\"twitter:card\" content=\"summary_large_image\" \/>\n<meta name=\"twitter:label1\" content=\"Gesch\u00e4tzte Lesezeit\" \/>\n\t<meta name=\"twitter:data1\" content=\"1 Minute\" \/>\n<script type=\"application\/ld+json\" class=\"yoast-schema-graph\">{\"@context\":\"https:\\\/\\\/schema.org\",\"@graph\":[{\"@type\":\"WebPage\",\"@id\":\"https:\\\/\\\/www.michael-riedel.at\\\/firmenangebot\\\/\",\"url\":\"https:\\\/\\\/www.michael-riedel.at\\\/firmenangebot\\\/\",\"name\":\"Firmenangebot - Ganzheitliche Praxis f\u00fcr Aroma-, Bowen- und Frequenztherapie - Mag. (FH) Michael Riedel\",\"isPartOf\":{\"@id\":\"http:\\\/\\\/www.michael-riedel.at\\\/#website\"},\"datePublished\":\"2020-08-31T10:58:15+00:00\",\"dateModified\":\"2020-09-02T20:49:21+00:00\",\"description\":\"Angebot zur Senkung der Krankenst\u00e4nde sowie Mitarbeiterbindung und Steigerung der intrinsischen Motivation und Steigerung des Wohlbefindens und Verbesserung der Work-Life-Balance.\",\"breadcrumb\":{\"@id\":\"https:\\\/\\\/www.michael-riedel.at\\\/firmenangebot\\\/#breadcrumb\"},\"inLanguage\":\"de-AT\",\"potentialAction\":[{\"@type\":\"ReadAction\",\"target\":[\"https:\\\/\\\/www.michael-riedel.at\\\/firmenangebot\\\/\"]}]},{\"@type\":\"BreadcrumbList\",\"@id\":\"https:\\\/\\\/www.michael-riedel.at\\\/firmenangebot\\\/#breadcrumb\",\"itemListElement\":[{\"@type\":\"ListItem\",\"position\":1,\"name\":\"Home\",\"item\":\"https:\\\/\\\/www.michael-riedel.at\\\/\"},{\"@type\":\"ListItem\",\"position\":2,\"name\":\"Firmenangebot\"}]},{\"@type\":\"WebSite\",\"@id\":\"http:\\\/\\\/www.michael-riedel.at\\\/#website\",\"url\":\"http:\\\/\\\/www.michael-riedel.at\\\/\",\"name\":\"Ganzheitliche Praxis f\u00fcr Aroma-, Bowen- und Frequenztherapie - Mag. (FH) Michael Riedel\",\"description\":\"\",\"publisher\":{\"@id\":\"http:\\\/\\\/www.michael-riedel.at\\\/#organization\"},\"potentialAction\":[{\"@type\":\"SearchAction\",\"target\":{\"@type\":\"EntryPoint\",\"urlTemplate\":\"http:\\\/\\\/www.michael-riedel.at\\\/?s={search_term_string}\"},\"query-input\":{\"@type\":\"PropertyValueSpecification\",\"valueRequired\":true,\"valueName\":\"search_term_string\"}}],\"inLanguage\":\"de-AT\"},{\"@type\":\"Organization\",\"@id\":\"http:\\\/\\\/www.michael-riedel.at\\\/#organization\",\"name\":\"Bowenpraxis Mag.(FH) Michael Riedel\",\"url\":\"http:\\\/\\\/www.michael-riedel.at\\\/\",\"logo\":{\"@type\":\"ImageObject\",\"inLanguage\":\"de-AT\",\"@id\":\"http:\\\/\\\/www.michael-riedel.at\\\/#\\\/schema\\\/logo\\\/image\\\/\",\"url\":\"https:\\\/\\\/i0.wp.com\\\/www.michael-riedel.at\\\/wp-content\\\/uploads\\\/mr_background_popup_600x600.png?fit=600%2C600&ssl=1\",\"contentUrl\":\"https:\\\/\\\/i0.wp.com\\\/www.michael-riedel.at\\\/wp-content\\\/uploads\\\/mr_background_popup_600x600.png?fit=600%2C600&ssl=1\",\"width\":600,\"height\":600,\"caption\":\"Bowenpraxis Mag.(FH) Michael Riedel\"},\"image\":{\"@id\":\"http:\\\/\\\/www.michael-riedel.at\\\/#\\\/schema\\\/logo\\\/image\\\/\"}}]}<\/script>\n<!-- \/ Yoast SEO plugin. -->","yoast_head_json":{"title":"Firmenangebot - Ganzheitliche Praxis f\u00fcr Aroma-, Bowen- und Frequenztherapie - Mag. (FH) Michael Riedel","description":"Angebot zur Senkung der Krankenst\u00e4nde sowie Mitarbeiterbindung und Steigerung der intrinsischen Motivation und Steigerung des Wohlbefindens und Verbesserung der Work-Life-Balance.","robots":{"index":"index","follow":"follow","max-snippet":"max-snippet:-1","max-image-preview":"max-image-preview:large","max-video-preview":"max-video-preview:-1"},"canonical":"https:\/\/www.michael-riedel.at\/de\/firmenangebot\/","og_locale":"de_DE","og_type":"article","og_title":"Firmenangebot - Ganzheitliche Praxis f\u00fcr Aroma-, Bowen- und Frequenztherapie - Mag. (FH) Michael Riedel","og_description":"Angebot zur Senkung der Krankenst\u00e4nde sowie Mitarbeiterbindung und Steigerung der intrinsischen Motivation und Steigerung des Wohlbefindens und Verbesserung der Work-Life-Balance.","og_url":"https:\/\/www.michael-riedel.at\/de\/firmenangebot\/","og_site_name":"Ganzheitliche Praxis f\u00fcr Aroma-, Bowen- und Frequenztherapie - Mag. (FH) Michael Riedel","article_modified_time":"2020-09-02T20:49:21+00:00","twitter_card":"summary_large_image","twitter_misc":{"Gesch\u00e4tzte Lesezeit":"1 Minute"},"schema":{"@context":"https:\/\/schema.org","@graph":[{"@type":"WebPage","@id":"https:\/\/www.michael-riedel.at\/firmenangebot\/","url":"https:\/\/www.michael-riedel.at\/firmenangebot\/","name":"Firmenangebot - Ganzheitliche Praxis f\u00fcr Aroma-, Bowen- und Frequenztherapie - Mag. (FH) Michael Riedel","isPartOf":{"@id":"http:\/\/www.michael-riedel.at\/#website"},"datePublished":"2020-08-31T10:58:15+00:00","dateModified":"2020-09-02T20:49:21+00:00","description":"Angebot zur Senkung der Krankenst\u00e4nde sowie Mitarbeiterbindung und Steigerung der intrinsischen Motivation und Steigerung des Wohlbefindens und Verbesserung der Work-Life-Balance.","breadcrumb":{"@id":"https:\/\/www.michael-riedel.at\/firmenangebot\/#breadcrumb"},"inLanguage":"de-AT","potentialAction":[{"@type":"ReadAction","target":["https:\/\/www.michael-riedel.at\/firmenangebot\/"]}]},{"@type":"BreadcrumbList","@id":"https:\/\/www.michael-riedel.at\/firmenangebot\/#breadcrumb","itemListElement":[{"@type":"ListItem","position":1,"name":"Home","item":"https:\/\/www.michael-riedel.at\/"},{"@type":"ListItem","position":2,"name":"Firmenangebot"}]},{"@type":"WebSite","@id":"http:\/\/www.michael-riedel.at\/#website","url":"http:\/\/www.michael-riedel.at\/","name":"Ganzheitliche Praxis f\u00fcr Aroma-, Bowen- und Frequenztherapie - Mag. (FH) Michael Riedel","description":"","publisher":{"@id":"http:\/\/www.michael-riedel.at\/#organization"},"potentialAction":[{"@type":"SearchAction","target":{"@type":"EntryPoint","urlTemplate":"http:\/\/www.michael-riedel.at\/?s={search_term_string}"},"query-input":{"@type":"PropertyValueSpecification","valueRequired":true,"valueName":"search_term_string"}}],"inLanguage":"de-AT"},{"@type":"Organization","@id":"http:\/\/www.michael-riedel.at\/#organization","name":"Bowenpraxis Mag.(FH) Michael Riedel","url":"http:\/\/www.michael-riedel.at\/","logo":{"@type":"ImageObject","inLanguage":"de-AT","@id":"http:\/\/www.michael-riedel.at\/#\/schema\/logo\/image\/","url":"https:\/\/i0.wp.com\/www.michael-riedel.at\/wp-content\/uploads\/mr_background_popup_600x600.png?fit=600%2C600&ssl=1","contentUrl":"https:\/\/i0.wp.com\/www.michael-riedel.at\/wp-content\/uploads\/mr_background_popup_600x600.png?fit=600%2C600&ssl=1","width":600,"height":600,"caption":"Bowenpraxis Mag.(FH) Michael Riedel"},"image":{"@id":"http:\/\/www.michael-riedel.at\/#\/schema\/logo\/image\/"}}]}},"_links":{"self":[{"href":"http:\/\/www.michael-riedel.at\/de\/wp-json\/wp\/v2\/pages\/1406","targetHints":{"allow":["GET"]}}],"collection":[{"href":"http:\/\/www.michael-riedel.at\/de\/wp-json\/wp\/v2\/pages"}],"about":[{"href":"http:\/\/www.michael-riedel.at\/de\/wp-json\/wp\/v2\/types\/page"}],"author":[{"embeddable":true,"href":"http:\/\/www.michael-riedel.at\/de\/wp-json\/wp\/v2\/users\/1"}],"replies":[{"embeddable":true,"href":"http:\/\/www.michael-riedel.at\/de\/wp-json\/wp\/v2\/comments?post=1406"}],"version-history":[{"count":0,"href":"http:\/\/www.michael-riedel.at\/de\/wp-json\/wp\/v2\/pages\/1406\/revisions"}],"wp:attachment":[{"href":"http:\/\/www.michael-riedel.at\/de\/wp-json\/wp\/v2\/media?parent=1406"}],"curies":[{"name":"wp","href":"https:\/\/api.w.org\/{rel}","templated":true}]}}