{"id":2267,"date":"2022-01-17T23:06:18","date_gmt":"2022-01-17T23:06:18","guid":{"rendered":"http:\/\/www.michael-riedel.at\/?page_id=2267"},"modified":"2022-12-19T17:10:28","modified_gmt":"2022-12-19T17:10:28","slug":"energie","status":"publish","type":"page","link":"http:\/\/www.michael-riedel.at\/de\/energie\/","title":{"rendered":"Energiereserven aufbauen oder stabilisieren"},"content":{"rendered":"<div style=\"height:30px\" aria-hidden=\"true\" class=\"wp-block-spacer\"><\/div>\n\n\n\n<h2 class=\"wp-block-heading\" id=\"wie-funktioniert-das\">Wie funktioniert das?<\/h2>\n\n\n\n<div class=\"wp-block-media-text alignwide is-stacked-on-mobile is-vertically-aligned-top\" style=\"grid-template-columns:15% auto\"><figure class=\"wp-block-media-text__media\"><img decoding=\"async\" width=\"500\" height=\"500\" data-src=\"http:\/\/www.michael-riedel.at\/wp-content\/uploads\/Tele_thin.png\" alt=\"\" class=\"wp-image-1874 size-full lazyload\" data-srcset=\"http:\/\/www.michael-riedel.at\/wp-content\/uploads\/Tele_thin.png 500w, http:\/\/www.michael-riedel.at\/wp-content\/uploads\/Tele_thin-300x300.png 300w, http:\/\/www.michael-riedel.at\/wp-content\/uploads\/Tele_thin-150x150.png 150w\" data-sizes=\"(max-width: 500px) 100vw, 500px\" src=\"data:image\/svg+xml;base64,PHN2ZyB3aWR0aD0iMSIgaGVpZ2h0PSIxIiB4bWxucz0iaHR0cDovL3d3dy53My5vcmcvMjAwMC9zdmciPjwvc3ZnPg==\" style=\"--smush-placeholder-width: 500px; --smush-placeholder-aspect-ratio: 500\/500;\" \/><\/figure><div class=\"wp-block-media-text__content\">\n<h5 class=\"wp-block-heading\" id=\"energieschub-mittels-quantentherapie\">Energieschub mittels Energie- und Quantentherapie<\/h5>\n\n\n\n<p>Unter Zuhilfenahme modernster Technologie wird die Zellregulation sowie der Energiestatus der Zellen mittels <a href=\"http:\/\/www.michael-riedel.at\/de\/qi-quant-teleonic\/\">Teleonic<\/a> von der Ferne bearbeitet. Die tats\u00e4chliche Entfernung spielt dabei keine Rolle.<\/p>\n\n\n\n<p>Sie liegen bequem Zuhause auf der Couch lesen entspannt ein Buch und die Technologie k\u00fcmmert sich mittels Frequenztherapie um den Energieaufbau!<\/p>\n<\/div><\/div>\n\n\n\n<div class=\"wp-block-nk-awb nk-awb\"><div class=\"nk-awb-wrap\" data-awb-type=\"image\" data-awb-image-background-size=\"cover\" data-awb-image-background-position=\"50% 71%\"><div class=\"nk-awb-inner\"><img decoding=\"async\" data-src=\"http:\/\/www.michael-riedel.at\/wp-content\/uploads\/TeleWebshop.png\" class=\"wp-image-1760 jarallax-img is-layout-constrained wp-block-nk-awb-is-layout-constrained lazyload\" width=\"650\" height=\"650\" alt=\"\" data-srcset=\"http:\/\/www.michael-riedel.at\/wp-content\/uploads\/TeleWebshop.png 650w, http:\/\/www.michael-riedel.at\/wp-content\/uploads\/TeleWebshop-300x300.png 300w, http:\/\/www.michael-riedel.at\/wp-content\/uploads\/TeleWebshop-150x150.png 150w\" data-sizes=\"(max-width: 650px) 100vw, 650px\" src=\"data:image\/svg+xml;base64,PHN2ZyB3aWR0aD0iMSIgaGVpZ2h0PSIxIiB4bWxucz0iaHR0cDovL3d3dy53My5vcmcvMjAwMC9zdmciPjwvc3ZnPg==\" style=\"--smush-placeholder-width: 650px; --smush-placeholder-aspect-ratio: 650\/650;\" \/><\/div><\/div>\n<div style=\"height:200px\" aria-hidden=\"true\" class=\"wp-block-spacer\"><\/div>\n<\/div>\n\n\n\n<div style=\"height:30px\" aria-hidden=\"true\" class=\"wp-block-spacer\"><\/div>\n\n\n\n<h2 class=\"wp-block-heading\" id=\"was-bekommen-sie\">Was bekommen Sie ?<\/h2>\n\n\n\n<p>Sie erhalten zum Preis von <strong>\u20ac 105 f\u00fcr 4 Wochen<\/strong> Energie <strong>\u00fcber die Ferne<\/strong>. Es ist kein Besuch der Praxis notwendig. Details zum Ablauf und zur zeitlichen Planung erhalten Sie nach Bestelleingang und R\u00fccksprache.<\/p>\n\n\n\n<p>Rund alle vier Tage werden Frequenzpakete gesendet, womit ein Energieaufbau realisiert werden kann. <\/p>\n\n\n\n<div style=\"height:30px\" aria-hidden=\"true\" class=\"wp-block-spacer\"><\/div>\n\n\n\n<h2 class=\"wp-block-heading\" id=\"warum-sind-energiereserven-wichtig\">Warum sind Energiereserven wichtig?<\/h2>\n\n\n\n<p>Ohne Energie funktioniert unser K\u00f6rper nur sehr eingeschr\u00e4nkt. <\/p>\n\n\n\n<p>Sie haben die M\u00f6glichkeit <a href=\"#Aufbau\">Aufbau<\/a> oder <a href=\"#Vorsorge\">Vorsorge<\/a> zu betreiben.<\/p>\n\n\n\n<p> <\/p>\n\n\n\n<div class=\"wp-block-media-text alignwide is-stacked-on-mobile is-vertically-aligned-top\" id=\"Aufbau\"><figure class=\"wp-block-media-text__media\"><img decoding=\"async\" width=\"1024\" height=\"394\" data-src=\"http:\/\/www.michael-riedel.at\/wp-content\/uploads\/4fach-Icons-_-Energie-aufbau_fett-1024x394.png\" alt=\"\" class=\"wp-image-2278 size-full lazyload\" data-srcset=\"http:\/\/www.michael-riedel.at\/wp-content\/uploads\/4fach-Icons-_-Energie-aufbau_fett-1024x394.png 1024w, http:\/\/www.michael-riedel.at\/wp-content\/uploads\/4fach-Icons-_-Energie-aufbau_fett-300x115.png 300w, http:\/\/www.michael-riedel.at\/wp-content\/uploads\/4fach-Icons-_-Energie-aufbau_fett-768x295.png 768w, http:\/\/www.michael-riedel.at\/wp-content\/uploads\/4fach-Icons-_-Energie-aufbau_fett-1170x450.png 1170w, http:\/\/www.michael-riedel.at\/wp-content\/uploads\/4fach-Icons-_-Energie-aufbau_fett.png 1300w\" data-sizes=\"(max-width: 1024px) 100vw, 1024px\" src=\"data:image\/svg+xml;base64,PHN2ZyB3aWR0aD0iMSIgaGVpZ2h0PSIxIiB4bWxucz0iaHR0cDovL3d3dy53My5vcmcvMjAwMC9zdmciPjwvc3ZnPg==\" style=\"--smush-placeholder-width: 1024px; --smush-placeholder-aspect-ratio: 1024\/394;\" \/><\/figure><div class=\"wp-block-media-text__content\">\n<h5 class=\"wp-block-heading\" id=\"h-aufbau-von-energiereserven-keine-kraft-mehr\">Aufbau von Energiereserven &#8211; keine Kraft mehr<\/h5>\n\n\n\n<p class=\"has-text-align-left\">Sie f\u00fchlen sich sprichw\u00f6rtlich wie ein Smartphone ohne Akku. Nichts geht mehr. Selbst die kleinsten T\u00e4tigkeiten k\u00f6nnen nur m\u00fchevoll verrichtet werden. Sie f\u00fchlen sich kr\u00e4nklich und kommen nicht in ihre Kraft. <\/p>\n\n\n\n<p class=\"has-text-align-left\"><strong>Dann liegt es vermutlich an Energielosikeit. Sie m\u00fcssen Energiereserven aufbauen, um wieder ins Wohlbefinden zu gelangen!<\/strong> <\/p>\n<\/div><\/div>\n\n\n\n<div style=\"height:30px\" aria-hidden=\"true\" class=\"wp-block-spacer\"><\/div>\n\n\n\n<div class=\"wp-block-media-text alignwide has-media-on-the-right is-stacked-on-mobile is-vertically-aligned-top\" id=\"Vorsorge\"><div class=\"wp-block-media-text__content\">\n<h5 class=\"wp-block-heading\" id=\"vorsorge-gesund-bleiben-und-immunsystem-starken\">Vorsorge &#8211; gesund bleiben und Immunsystem st\u00e4rken<\/h5>\n\n\n\n<p>Sie f\u00fchlen sich grunds\u00e4tzlich gesund und haben ein intaktes Immunsystem. Krank waren sie schon l\u00e4nger nicht und f\u00fchlen sich gut. Es k\u00f6nnte jedoch mehr sein und ein wenig mehr Leistungsf\u00e4higkeit w\u00e4re gew\u00fcnscht. <\/p>\n\n\n\n<p><\/p>\n<\/div><figure class=\"wp-block-media-text__media\"><img decoding=\"async\" width=\"1024\" height=\"394\" data-src=\"http:\/\/www.michael-riedel.at\/wp-content\/uploads\/4fach-Icons_fett-1024x394.png\" alt=\"\" class=\"wp-image-2279 size-full lazyload\" data-srcset=\"http:\/\/www.michael-riedel.at\/wp-content\/uploads\/4fach-Icons_fett-1024x394.png 1024w, http:\/\/www.michael-riedel.at\/wp-content\/uploads\/4fach-Icons_fett-300x115.png 300w, http:\/\/www.michael-riedel.at\/wp-content\/uploads\/4fach-Icons_fett-768x295.png 768w, http:\/\/www.michael-riedel.at\/wp-content\/uploads\/4fach-Icons_fett-1170x450.png 1170w, http:\/\/www.michael-riedel.at\/wp-content\/uploads\/4fach-Icons_fett.png 1300w\" data-sizes=\"(max-width: 1024px) 100vw, 1024px\" src=\"data:image\/svg+xml;base64,PHN2ZyB3aWR0aD0iMSIgaGVpZ2h0PSIxIiB4bWxucz0iaHR0cDovL3d3dy53My5vcmcvMjAwMC9zdmciPjwvc3ZnPg==\" style=\"--smush-placeholder-width: 1024px; --smush-placeholder-aspect-ratio: 1024\/394;\" \/><\/figure><\/div>\n\n\n\n<div style=\"height:30px\" aria-hidden=\"true\" class=\"wp-block-spacer\"><\/div>\n\n\n\n<h2 class=\"wp-block-heading\" id=\"h-sind-energiereserven-messbar\">Sind Energiereserven messbar?<\/h2>\n\n\n\n<div class=\"wp-block-nk-awb nk-awb\"><div class=\"nk-awb-wrap\" data-awb-type=\"image\" data-awb-image-background-size=\"cover\" data-awb-image-background-position=\"50% 50%\"><div class=\"nk-awb-inner\"><img decoding=\"async\" data-src=\"http:\/\/www.michael-riedel.at\/wp-content\/uploads\/Messung_Hintergrundbild1.png\" class=\"wp-image-2317 jarallax-img is-layout-constrained wp-block-nk-awb-is-layout-constrained lazyload\" width=\"1200\" height=\"800\" alt=\"\" data-srcset=\"http:\/\/www.michael-riedel.at\/wp-content\/uploads\/Messung_Hintergrundbild1.png 1200w, http:\/\/www.michael-riedel.at\/wp-content\/uploads\/Messung_Hintergrundbild1-300x200.png 300w, http:\/\/www.michael-riedel.at\/wp-content\/uploads\/Messung_Hintergrundbild1-1024x683.png 1024w, http:\/\/www.michael-riedel.at\/wp-content\/uploads\/Messung_Hintergrundbild1-768x512.png 768w, http:\/\/www.michael-riedel.at\/wp-content\/uploads\/Messung_Hintergrundbild1-500x333.png 500w, http:\/\/www.michael-riedel.at\/wp-content\/uploads\/Messung_Hintergrundbild1-800x533.png 800w, http:\/\/www.michael-riedel.at\/wp-content\/uploads\/Messung_Hintergrundbild1-1170x780.png 1170w\" data-sizes=\"(max-width: 1200px) 100vw, 1200px\" src=\"data:image\/svg+xml;base64,PHN2ZyB3aWR0aD0iMSIgaGVpZ2h0PSIxIiB4bWxucz0iaHR0cDovL3d3dy53My5vcmcvMjAwMC9zdmciPjwvc3ZnPg==\" style=\"--smush-placeholder-width: 1200px; --smush-placeholder-aspect-ratio: 1200\/800;\" \/><\/div><\/div>\n<div class=\"wp-block-media-text alignwide is-stacked-on-mobile\" style=\"grid-template-columns:30% auto\"><figure class=\"wp-block-media-text__media\"><img decoding=\"async\" width=\"500\" height=\"500\" data-src=\"http:\/\/www.michael-riedel.at\/wp-content\/uploads\/HRV_thin.png\" alt=\"\" class=\"wp-image-1873 size-full lazyload\" data-srcset=\"http:\/\/www.michael-riedel.at\/wp-content\/uploads\/HRV_thin.png 500w, http:\/\/www.michael-riedel.at\/wp-content\/uploads\/HRV_thin-300x300.png 300w, http:\/\/www.michael-riedel.at\/wp-content\/uploads\/HRV_thin-150x150.png 150w\" data-sizes=\"(max-width: 500px) 100vw, 500px\" src=\"data:image\/svg+xml;base64,PHN2ZyB3aWR0aD0iMSIgaGVpZ2h0PSIxIiB4bWxucz0iaHR0cDovL3d3dy53My5vcmcvMjAwMC9zdmciPjwvc3ZnPg==\" style=\"--smush-placeholder-width: 500px; --smush-placeholder-aspect-ratio: 500\/500;\" \/><\/figure><div class=\"wp-block-media-text__content\">\n<h5 class=\"wp-block-heading\" id=\"ja-mit-hilfe-der-hrv-messung\">JA &#8211; mit Hilfe der HRV-Messung <\/h5>\n\n\n\n<p class=\"has-white-color has-text-color\">Mittels der <a href=\"http:\/\/www.michael-riedel.at\/de\/gesundheit-messen\/\">Herzratenvariabilt\u00e4tsmessung<\/a> k\u00f6nnen die Energiereserven gemessen und dargestellt werden. Sie haben die M\u00f6glichkeit den Ausgangszustand bzw den Zielzustand in der Praxis messen zu lassen.  <\/p>\n<\/div><\/div>\n<\/div>\n\n\n\n<div style=\"height:30px\" aria-hidden=\"true\" class=\"wp-block-spacer\"><\/div>\n\n\n\n<h2 class=\"wp-block-heading\" id=\"sichern-sie-sich-ihr-monatspaket\">Sichern Sie sich Ihr Monatspaket! <\/h2>\n\n\n\n<p><strong>Achtung<\/strong>: Es gibt nur eine limitierte Anzahl an buchbaren Monatspaketen!<\/p>\n\n\n\n<div style=\"height:30px\" aria-hidden=\"true\" class=\"wp-block-spacer\"><\/div>\n\n\n\n<h3 class=\"wp-block-heading\" id=\"bestellung\"><strong>Bestellung<\/strong><\/h3>\n\n\n\n<div class=\"wp-block-contact-form-7-contact-form-selector\">\n<div class=\"wpcf7 no-js\" id=\"wpcf7-f2266-o1\" lang=\"de-DE\" dir=\"ltr\" data-wpcf7-id=\"2266\">\n<div class=\"screen-reader-response\"><p role=\"status\" aria-live=\"polite\" aria-atomic=\"true\"><\/p> <ul><\/ul><\/div>\n<form action=\"\/de\/wp-json\/wp\/v2\/pages\/2267#wpcf7-f2266-o1\" method=\"post\" class=\"wpcf7-form init cf7-style cf7-style-1246\" aria-label=\"Kontaktformular\" novalidate=\"novalidate\" data-status=\"init\" data-trp-original-action=\"\/de\/wp-json\/wp\/v2\/pages\/2267#wpcf7-f2266-o1\">\n<fieldset class=\"hidden-fields-container\"><input type=\"hidden\" name=\"_wpcf7\" value=\"2266\" \/><input type=\"hidden\" name=\"_wpcf7_version\" value=\"6.1.5\" \/><input type=\"hidden\" name=\"_wpcf7_locale\" value=\"de_DE\" \/><input type=\"hidden\" name=\"_wpcf7_unit_tag\" value=\"wpcf7-f2266-o1\" \/><input type=\"hidden\" name=\"_wpcf7_container_post\" value=\"0\" \/><input type=\"hidden\" name=\"_wpcf7_posted_data_hash\" value=\"\" \/>\n<\/fieldset>\n<p><label> Ich m\u00f6chte verbindlich bestellen: <\/label><br \/>\n<span class=\"wpcf7-form-control-wrap\" data-name=\"product\"><span class=\"wpcf7-form-control wpcf7-checkbox\"><span class=\"wpcf7-list-item first\"><input type=\"checkbox\" name=\"product[]\" value=\"Monatspaket: 4 Wochen Energietanken um \u20ac 105\" \/><span class=\"wpcf7-list-item-label\">Monatspaket: 4 Wochen Energietanken um \u20ac 105<\/span><\/span><span class=\"wpcf7-list-item last\"><input type=\"checkbox\" name=\"product[]\" value=\"Kontrollmessung mittels HRV zur Statusbestimmung um \u20ac 49\" \/><span class=\"wpcf7-list-item-label\">Kontrollmessung mittels HRV zur Statusbestimmung um \u20ac 49<\/span><\/span><\/span><\/span>\n<\/p>\n<p>F\u00fcr die Rechnung ben\u00f6tigen wir Ihre Daten (mit * sind Pflichtfelder gekennzeichnet).<br \/>\n<label> Vollst\u00e4ndiger Name*<br \/>\n<span class=\"wpcf7-form-control-wrap\" data-name=\"fullname\"><input size=\"40\" maxlength=\"400\" class=\"wpcf7-form-control wpcf7-text wpcf7-validates-as-required\" aria-required=\"true\" aria-invalid=\"false\" value=\"\" type=\"text\" name=\"fullname\" \/><\/span> <\/label><br \/>\n<label> Strasse und Hausnummer*<br \/>\n<span class=\"wpcf7-form-control-wrap\" data-name=\"street\"><input size=\"40\" maxlength=\"400\" class=\"wpcf7-form-control wpcf7-text wpcf7-validates-as-required\" aria-required=\"true\" aria-invalid=\"false\" value=\"\" type=\"text\" name=\"street\" \/><\/span> <\/label><br \/>\n<label> Postleitzahl und Ort *<br \/>\n<span class=\"wpcf7-form-control-wrap\" data-name=\"place\"><input size=\"40\" maxlength=\"400\" class=\"wpcf7-form-control wpcf7-text wpcf7-validates-as-required\" aria-required=\"true\" aria-invalid=\"false\" value=\"\" type=\"text\" name=\"place\" \/><\/span> <\/label><br \/>\n<label> Telefonnummer*<br \/>\n<span class=\"wpcf7-form-control-wrap\" data-name=\"phone\"><input size=\"40\" maxlength=\"400\" class=\"wpcf7-form-control wpcf7-text wpcf7-validates-as-required\" aria-required=\"true\" aria-invalid=\"false\" value=\"\" type=\"text\" name=\"phone\" \/><\/span> <\/label><br \/>\n<label> E-Mail-Adresse*<br \/>\n<span class=\"wpcf7-form-control-wrap\" data-name=\"clientemail\"><input size=\"40\" maxlength=\"400\" class=\"wpcf7-form-control wpcf7-email wpcf7-validates-as-required wpcf7-text wpcf7-validates-as-email\" aria-required=\"true\" aria-invalid=\"false\" value=\"\" type=\"email\" name=\"clientemail\" \/><\/span> <\/label>\n<\/p>\n<p><label> Zustimmung zum Datenschutz<\/label><br \/>\n<span class=\"wpcf7-form-control-wrap\" data-name=\"acceptance\"><span class=\"wpcf7-form-control wpcf7-acceptance optional\"><span class=\"wpcf7-list-item\"><label><input type=\"checkbox\" name=\"acceptance\" value=\"1\" aria-invalid=\"false\" \/><span class=\"wpcf7-list-item-label\">Ich stimme zu, dass die von mir bekannt gegebenen pers\u00f6nlichen Daten gespeichert und verarbeitet werden.<\/span><\/label><\/span><\/span><\/span>\n<\/p>\n<p><label> Mit Klick auf \"Senden\" erhalten Sie eine Kopie Ihrer \u00fcbermittelten Daten an die angegebene E-Mail-Adresse.<\/label><br \/>\n<span id=\"wpcf7-69fe071516fa1-wrapper\" class=\"wpcf7-form-control-wrap praxis-spamprotect-wrap\" style=\"display:none !important; visibility:hidden !important;\"><label for=\"wpcf7-69fe071516fa1-field\" class=\"hp-message\">Bitte lasse dieses Feld leer.<\/label><input id=\"wpcf7-69fe071516fa1-field\"  class=\"wpcf7-form-control wpcf7-text\" type=\"text\" name=\"praxis-spamprotect\" value=\"\" size=\"40\" tabindex=\"-1\" autocomplete=\"new-password\" \/><\/span><br \/>\n<input class=\"wpcf7-form-control wpcf7-submit has-spinner\" type=\"submit\" value=\"Senden\" \/>\n<\/p><div class=\"wpcf7-response-output\" aria-hidden=\"true\"><\/div>\n<input type=\"hidden\" name=\"trp-form-language\" value=\"de\"\/><\/form>\n<\/div>\n<\/div>","protected":false},"excerpt":{"rendered":"<p>Wie funktioniert das? Energieschub mittels Energie- und Quantentherapie Unter Zuhilfenahme modernster Technologie wird die Zellregulation sowie der Energiestatus der Zellen mittels Teleonic von der Ferne bearbeitet. Die tats\u00e4chliche Entfernung spielt dabei keine Rolle. Sie liegen bequem Zuhause auf der Couch lesen entspannt ein Buch und die Technologie k\u00fcmmert sich mittels Frequenztherapie um den Energieaufbau! Was [&hellip;]<\/p>\n","protected":false},"author":1,"featured_media":0,"parent":0,"menu_order":0,"comment_status":"closed","ping_status":"closed","template":"no-sidebar-single-post.php","meta":{"footnotes":""},"class_list":["post-2267","page","type-page","status-publish","hentry"],"yoast_head":"<!-- This site is optimized with the Yoast SEO plugin v27.5 - https:\/\/yoast.com\/product\/yoast-seo-wordpress\/ -->\n<title>Energiereserven aufbauen oder stabilisieren - Ganzheitliche Praxis f\u00fcr Aroma-, Bowen- und Frequenztherapie - Mag. (FH) Michael Riedel<\/title>\n<meta name=\"description\" content=\"Energieschub mittels Energie- und Quantentherapie. Unter Zuhilfenahme modernster Technologie wird die Zellregulation sowie der Energiestatus der Zellen mittels Teleonic bearbeitet.\" \/>\n<meta name=\"robots\" content=\"index, follow, max-snippet:-1, max-image-preview:large, max-video-preview:-1\" \/>\n<link rel=\"canonical\" href=\"https:\/\/www.michael-riedel.at\/de\/energie\/\" \/>\n<meta property=\"og:locale\" content=\"de_DE\" \/>\n<meta property=\"og:type\" content=\"article\" \/>\n<meta property=\"og:title\" content=\"Energiereserven aufbauen oder stabilisieren - Ganzheitliche Praxis f\u00fcr Aroma-, Bowen- und Frequenztherapie - Mag. (FH) Michael Riedel\" \/>\n<meta property=\"og:description\" content=\"Energieschub mittels Energie- und Quantentherapie. Unter Zuhilfenahme modernster Technologie wird die Zellregulation sowie der Energiestatus der Zellen mittels Teleonic bearbeitet.\" \/>\n<meta property=\"og:url\" content=\"https:\/\/www.michael-riedel.at\/de\/energie\/\" \/>\n<meta property=\"og:site_name\" content=\"Ganzheitliche Praxis f\u00fcr Aroma-, Bowen- und Frequenztherapie - Mag. (FH) Michael Riedel\" \/>\n<meta property=\"article:modified_time\" content=\"2022-12-19T17:10:28+00:00\" \/>\n<meta property=\"og:image\" content=\"http:\/\/www.michael-riedel.at\/wp-content\/uploads\/Tele_thin.png\" \/>\n<meta name=\"twitter:card\" content=\"summary_large_image\" \/>\n<meta name=\"twitter:label1\" content=\"Gesch\u00e4tzte Lesezeit\" \/>\n\t<meta name=\"twitter:data1\" content=\"3 Minuten\" \/>\n<script type=\"application\/ld+json\" class=\"yoast-schema-graph\">{\"@context\":\"https:\\\/\\\/schema.org\",\"@graph\":[{\"@type\":\"WebPage\",\"@id\":\"https:\\\/\\\/www.michael-riedel.at\\\/energie\\\/\",\"url\":\"https:\\\/\\\/www.michael-riedel.at\\\/energie\\\/\",\"name\":\"Energiereserven aufbauen oder stabilisieren - Ganzheitliche Praxis f\u00fcr Aroma-, Bowen- und Frequenztherapie - Mag. (FH) Michael Riedel\",\"isPartOf\":{\"@id\":\"http:\\\/\\\/www.michael-riedel.at\\\/#website\"},\"primaryImageOfPage\":{\"@id\":\"https:\\\/\\\/www.michael-riedel.at\\\/energie\\\/#primaryimage\"},\"image\":{\"@id\":\"https:\\\/\\\/www.michael-riedel.at\\\/energie\\\/#primaryimage\"},\"thumbnailUrl\":\"http:\\\/\\\/www.michael-riedel.at\\\/wp-content\\\/uploads\\\/Tele_thin.png\",\"datePublished\":\"2022-01-17T23:06:18+00:00\",\"dateModified\":\"2022-12-19T17:10:28+00:00\",\"description\":\"Energieschub mittels Energie- und Quantentherapie. Unter Zuhilfenahme modernster Technologie wird die Zellregulation sowie der Energiestatus der Zellen mittels Teleonic bearbeitet.\",\"breadcrumb\":{\"@id\":\"https:\\\/\\\/www.michael-riedel.at\\\/energie\\\/#breadcrumb\"},\"inLanguage\":\"de-AT\",\"potentialAction\":[{\"@type\":\"ReadAction\",\"target\":[\"https:\\\/\\\/www.michael-riedel.at\\\/energie\\\/\"]}]},{\"@type\":\"ImageObject\",\"inLanguage\":\"de-AT\",\"@id\":\"https:\\\/\\\/www.michael-riedel.at\\\/energie\\\/#primaryimage\",\"url\":\"http:\\\/\\\/www.michael-riedel.at\\\/wp-content\\\/uploads\\\/Tele_thin.png\",\"contentUrl\":\"http:\\\/\\\/www.michael-riedel.at\\\/wp-content\\\/uploads\\\/Tele_thin.png\"},{\"@type\":\"BreadcrumbList\",\"@id\":\"https:\\\/\\\/www.michael-riedel.at\\\/energie\\\/#breadcrumb\",\"itemListElement\":[{\"@type\":\"ListItem\",\"position\":1,\"name\":\"Home\",\"item\":\"https:\\\/\\\/www.michael-riedel.at\\\/\"},{\"@type\":\"ListItem\",\"position\":2,\"name\":\"Energiereserven aufbauen oder stabilisieren\"}]},{\"@type\":\"WebSite\",\"@id\":\"http:\\\/\\\/www.michael-riedel.at\\\/#website\",\"url\":\"http:\\\/\\\/www.michael-riedel.at\\\/\",\"name\":\"Ganzheitliche Praxis f\u00fcr Aroma-, Bowen- und Frequenztherapie - Mag. (FH) Michael Riedel\",\"description\":\"\",\"publisher\":{\"@id\":\"http:\\\/\\\/www.michael-riedel.at\\\/#organization\"},\"potentialAction\":[{\"@type\":\"SearchAction\",\"target\":{\"@type\":\"EntryPoint\",\"urlTemplate\":\"http:\\\/\\\/www.michael-riedel.at\\\/?s={search_term_string}\"},\"query-input\":{\"@type\":\"PropertyValueSpecification\",\"valueRequired\":true,\"valueName\":\"search_term_string\"}}],\"inLanguage\":\"de-AT\"},{\"@type\":\"Organization\",\"@id\":\"http:\\\/\\\/www.michael-riedel.at\\\/#organization\",\"name\":\"Bowenpraxis Mag.(FH) Michael Riedel\",\"url\":\"http:\\\/\\\/www.michael-riedel.at\\\/\",\"logo\":{\"@type\":\"ImageObject\",\"inLanguage\":\"de-AT\",\"@id\":\"http:\\\/\\\/www.michael-riedel.at\\\/#\\\/schema\\\/logo\\\/image\\\/\",\"url\":\"https:\\\/\\\/i0.wp.com\\\/www.michael-riedel.at\\\/wp-content\\\/uploads\\\/mr_background_popup_600x600.png?fit=600%2C600&ssl=1\",\"contentUrl\":\"https:\\\/\\\/i0.wp.com\\\/www.michael-riedel.at\\\/wp-content\\\/uploads\\\/mr_background_popup_600x600.png?fit=600%2C600&ssl=1\",\"width\":600,\"height\":600,\"caption\":\"Bowenpraxis Mag.(FH) Michael Riedel\"},\"image\":{\"@id\":\"http:\\\/\\\/www.michael-riedel.at\\\/#\\\/schema\\\/logo\\\/image\\\/\"}}]}<\/script>\n<!-- \/ Yoast SEO plugin. -->","yoast_head_json":{"title":"Energiereserven aufbauen oder stabilisieren - Ganzheitliche Praxis f\u00fcr Aroma-, Bowen- und Frequenztherapie - Mag. (FH) Michael Riedel","description":"Energieschub mittels Energie- und Quantentherapie. Unter Zuhilfenahme modernster Technologie wird die Zellregulation sowie der Energiestatus der Zellen mittels Teleonic bearbeitet.","robots":{"index":"index","follow":"follow","max-snippet":"max-snippet:-1","max-image-preview":"max-image-preview:large","max-video-preview":"max-video-preview:-1"},"canonical":"https:\/\/www.michael-riedel.at\/de\/energie\/","og_locale":"de_DE","og_type":"article","og_title":"Energiereserven aufbauen oder stabilisieren - Ganzheitliche Praxis f\u00fcr Aroma-, Bowen- und Frequenztherapie - Mag. (FH) Michael Riedel","og_description":"Energieschub mittels Energie- und Quantentherapie. Unter Zuhilfenahme modernster Technologie wird die Zellregulation sowie der Energiestatus der Zellen mittels Teleonic bearbeitet.","og_url":"https:\/\/www.michael-riedel.at\/de\/energie\/","og_site_name":"Ganzheitliche Praxis f\u00fcr Aroma-, Bowen- und Frequenztherapie - Mag. (FH) Michael Riedel","article_modified_time":"2022-12-19T17:10:28+00:00","og_image":[{"url":"http:\/\/www.michael-riedel.at\/wp-content\/uploads\/Tele_thin.png","type":"","width":"","height":""}],"twitter_card":"summary_large_image","twitter_misc":{"Gesch\u00e4tzte Lesezeit":"3 Minuten"},"schema":{"@context":"https:\/\/schema.org","@graph":[{"@type":"WebPage","@id":"https:\/\/www.michael-riedel.at\/energie\/","url":"https:\/\/www.michael-riedel.at\/energie\/","name":"Energiereserven aufbauen oder stabilisieren - Ganzheitliche Praxis f\u00fcr Aroma-, Bowen- und Frequenztherapie - Mag. (FH) Michael Riedel","isPartOf":{"@id":"http:\/\/www.michael-riedel.at\/#website"},"primaryImageOfPage":{"@id":"https:\/\/www.michael-riedel.at\/energie\/#primaryimage"},"image":{"@id":"https:\/\/www.michael-riedel.at\/energie\/#primaryimage"},"thumbnailUrl":"http:\/\/www.michael-riedel.at\/wp-content\/uploads\/Tele_thin.png","datePublished":"2022-01-17T23:06:18+00:00","dateModified":"2022-12-19T17:10:28+00:00","description":"Energieschub mittels Energie- und Quantentherapie. Unter Zuhilfenahme modernster Technologie wird die Zellregulation sowie der Energiestatus der Zellen mittels Teleonic bearbeitet.","breadcrumb":{"@id":"https:\/\/www.michael-riedel.at\/energie\/#breadcrumb"},"inLanguage":"de-AT","potentialAction":[{"@type":"ReadAction","target":["https:\/\/www.michael-riedel.at\/energie\/"]}]},{"@type":"ImageObject","inLanguage":"de-AT","@id":"https:\/\/www.michael-riedel.at\/energie\/#primaryimage","url":"http:\/\/www.michael-riedel.at\/wp-content\/uploads\/Tele_thin.png","contentUrl":"http:\/\/www.michael-riedel.at\/wp-content\/uploads\/Tele_thin.png"},{"@type":"BreadcrumbList","@id":"https:\/\/www.michael-riedel.at\/energie\/#breadcrumb","itemListElement":[{"@type":"ListItem","position":1,"name":"Home","item":"https:\/\/www.michael-riedel.at\/"},{"@type":"ListItem","position":2,"name":"Energiereserven aufbauen oder stabilisieren"}]},{"@type":"WebSite","@id":"http:\/\/www.michael-riedel.at\/#website","url":"http:\/\/www.michael-riedel.at\/","name":"Ganzheitliche Praxis f\u00fcr Aroma-, Bowen- und Frequenztherapie - Mag. (FH) Michael Riedel","description":"","publisher":{"@id":"http:\/\/www.michael-riedel.at\/#organization"},"potentialAction":[{"@type":"SearchAction","target":{"@type":"EntryPoint","urlTemplate":"http:\/\/www.michael-riedel.at\/?s={search_term_string}"},"query-input":{"@type":"PropertyValueSpecification","valueRequired":true,"valueName":"search_term_string"}}],"inLanguage":"de-AT"},{"@type":"Organization","@id":"http:\/\/www.michael-riedel.at\/#organization","name":"Bowenpraxis Mag.(FH) Michael Riedel","url":"http:\/\/www.michael-riedel.at\/","logo":{"@type":"ImageObject","inLanguage":"de-AT","@id":"http:\/\/www.michael-riedel.at\/#\/schema\/logo\/image\/","url":"https:\/\/i0.wp.com\/www.michael-riedel.at\/wp-content\/uploads\/mr_background_popup_600x600.png?fit=600%2C600&ssl=1","contentUrl":"https:\/\/i0.wp.com\/www.michael-riedel.at\/wp-content\/uploads\/mr_background_popup_600x600.png?fit=600%2C600&ssl=1","width":600,"height":600,"caption":"Bowenpraxis Mag.(FH) Michael Riedel"},"image":{"@id":"http:\/\/www.michael-riedel.at\/#\/schema\/logo\/image\/"}}]}},"_links":{"self":[{"href":"http:\/\/www.michael-riedel.at\/de\/wp-json\/wp\/v2\/pages\/2267","targetHints":{"allow":["GET"]}}],"collection":[{"href":"http:\/\/www.michael-riedel.at\/de\/wp-json\/wp\/v2\/pages"}],"about":[{"href":"http:\/\/www.michael-riedel.at\/de\/wp-json\/wp\/v2\/types\/page"}],"author":[{"embeddable":true,"href":"http:\/\/www.michael-riedel.at\/de\/wp-json\/wp\/v2\/users\/1"}],"replies":[{"embeddable":true,"href":"http:\/\/www.michael-riedel.at\/de\/wp-json\/wp\/v2\/comments?post=2267"}],"version-history":[{"count":0,"href":"http:\/\/www.michael-riedel.at\/de\/wp-json\/wp\/v2\/pages\/2267\/revisions"}],"wp:attachment":[{"href":"http:\/\/www.michael-riedel.at\/de\/wp-json\/wp\/v2\/media?parent=2267"}],"curies":[{"name":"wp","href":"https:\/\/api.w.org\/{rel}","templated":true}]}}