{"id":1030,"date":"2020-07-17T13:27:17","date_gmt":"2020-07-17T13:27:17","guid":{"rendered":"http:\/\/www.michael-riedel.at\/?page_id=1030"},"modified":"2020-07-17T16:53:32","modified_gmt":"2020-07-17T16:53:32","slug":"what-bowen-is-not","status":"publish","type":"page","link":"http:\/\/www.michael-riedel.at\/en\/what-bowen-is-not\/","title":{"rendered":"What Bowen is not"},"content":{"rendered":"<p>Although BOWEN always involves a holistic understanding of body, mind and soul, this technique is neither a purely physical nor a purely spiritual method. BOWEN cannot really be compared with any other method and is a technique that combines many different effects.<\/p>\n\n\n\n<p><i class=\"fa fa-heart\" aria-hidden=\"true\"> <\/i> <strong>Bowen is not a massage.<\/strong><\/p>\n\n\n\n<p>Although the technique works on muscles and connective tissue, it is content with very gentle impulses. There are no deep and sometimes very painful massage techniques. Muscles are not kneaded softly, but relax by themselves through BOWEN impulses.<\/p>\n\n\n\n<p><i class=\"fa fa-heart\" aria-hidden=\"true\"> <\/i> <strong>BOWEN is not acupressure.<\/strong><\/p>\n\n\n\n<p>Some points on which the BOWEN grips are applied are identical to acupressure points, others are not. BOWEN does not specifically stimulate points on the meridians - nevertheless it also has an effect on the meridian system.<\/p>\n\n\n\n<p><i class=\"fa fa-heart\" aria-hidden=\"true\"> <\/i> <strong>BOWEN is not lymphatic drainage.<\/strong><\/p>\n\n\n\n<p>Although BOWEN stimulates the flow of lymph, it does not provide the targeted strokes and stimulation of lymph flow that lymphatic drainage does.<\/p>\n\n\n\n<p><i class=\"fa fa-heart\" aria-hidden=\"true\"> <\/i> <strong>BOWEN is not physiotherapy.<\/strong><\/p>\n\n\n\n<p>There is no exercise training in this form at BOWEN.<\/p>\n\n\n\n<p><i class=\"fa fa-heart\" aria-hidden=\"true\"> <\/i> <strong>BOWEN is not chiropractic.<\/strong><\/p>\n\n\n\n<p>BOWEN does not use strong, jerky impulses as in chiropractic. Even if displaced joints and vertebrae can realign themselves by working on the muscles and tendons, the skeleton and bone tissue are not affected.<\/p>","protected":false},"excerpt":{"rendered":"<p>Obwohl bei BOWEN immer ein ganzheitliches Verst\u00e4ndnis von K\u00f6rper, Geist und Seele mitschwingt, ist diese Technik keine rein k\u00f6rperliche, aber auch keine rein spirituelle Methode. BOWEN l\u00e4sst sich im Grunde mit keiner anderen Methode vergleichen und ist eine Technik, die viele Wirksamkeiten ins sich vereint. Bowen ist keine Massage. Obwohl die Technik an Muskeln und [&hellip;]<\/p>\n","protected":false},"author":1,"featured_media":0,"parent":0,"menu_order":0,"comment_status":"closed","ping_status":"closed","template":"","meta":{"footnotes":""},"class_list":["post-1030","page","type-page","status-publish","hentry"],"yoast_head":"<!-- This site is optimized with the Yoast SEO plugin v27.5 - https:\/\/yoast.com\/product\/yoast-seo-wordpress\/ -->\n<title>Was Bowen nicht ist<\/title>\n<meta name=\"robots\" content=\"index, follow, max-snippet:-1, max-image-preview:large, max-video-preview:-1\" \/>\n<link rel=\"canonical\" href=\"https:\/\/www.michael-riedel.at\/en\/what-bowen-is-not\/\" \/>\n<meta property=\"og:locale\" content=\"en_US\" \/>\n<meta property=\"og:type\" content=\"article\" \/>\n<meta property=\"og:title\" content=\"Was Bowen nicht ist\" \/>\n<meta property=\"og:description\" content=\"Obwohl bei BOWEN immer ein ganzheitliches Verst\u00e4ndnis von K\u00f6rper, Geist und Seele mitschwingt, ist diese Technik keine rein k\u00f6rperliche, aber auch keine rein spirituelle Methode. BOWEN l\u00e4sst sich im Grunde mit keiner anderen Methode vergleichen und ist eine Technik, die viele Wirksamkeiten ins sich vereint. Bowen ist keine Massage. Obwohl die Technik an Muskeln und [&hellip;]\" \/>\n<meta property=\"og:url\" content=\"https:\/\/www.michael-riedel.at\/en\/what-bowen-is-not\/\" \/>\n<meta property=\"og:site_name\" content=\"Ganzheitliche Praxis f\u00fcr Aroma-, Bowen- und Frequenztherapie - Mag. (FH) Michael Riedel\" \/>\n<meta property=\"article:modified_time\" content=\"2020-07-17T16:53:32+00:00\" \/>\n<meta name=\"twitter:card\" content=\"summary_large_image\" \/>\n<meta name=\"twitter:label1\" content=\"Est. reading time\" \/>\n\t<meta name=\"twitter:data1\" content=\"1 minute\" \/>\n<script type=\"application\/ld+json\" class=\"yoast-schema-graph\">{\"@context\":\"https:\\\/\\\/schema.org\",\"@graph\":[{\"@type\":\"WebPage\",\"@id\":\"https:\\\/\\\/www.michael-riedel.at\\\/was-bowen-nicht-ist\\\/\",\"url\":\"https:\\\/\\\/www.michael-riedel.at\\\/was-bowen-nicht-ist\\\/\",\"name\":\"Was Bowen nicht ist\",\"isPartOf\":{\"@id\":\"http:\\\/\\\/www.michael-riedel.at\\\/#website\"},\"datePublished\":\"2020-07-17T13:27:17+00:00\",\"dateModified\":\"2020-07-17T16:53:32+00:00\",\"breadcrumb\":{\"@id\":\"https:\\\/\\\/www.michael-riedel.at\\\/was-bowen-nicht-ist\\\/#breadcrumb\"},\"inLanguage\":\"en-US\",\"potentialAction\":[{\"@type\":\"ReadAction\",\"target\":[\"https:\\\/\\\/www.michael-riedel.at\\\/was-bowen-nicht-ist\\\/\"]}]},{\"@type\":\"BreadcrumbList\",\"@id\":\"https:\\\/\\\/www.michael-riedel.at\\\/was-bowen-nicht-ist\\\/#breadcrumb\",\"itemListElement\":[{\"@type\":\"ListItem\",\"position\":1,\"name\":\"Home\",\"item\":\"https:\\\/\\\/www.michael-riedel.at\\\/\"},{\"@type\":\"ListItem\",\"position\":2,\"name\":\"Was Bowen nicht ist\"}]},{\"@type\":\"WebSite\",\"@id\":\"http:\\\/\\\/www.michael-riedel.at\\\/#website\",\"url\":\"http:\\\/\\\/www.michael-riedel.at\\\/\",\"name\":\"Ganzheitliche Praxis f\u00fcr Aroma-, Bowen- und Frequenztherapie - Mag. (FH) Michael Riedel\",\"description\":\"\",\"publisher\":{\"@id\":\"http:\\\/\\\/www.michael-riedel.at\\\/#organization\"},\"potentialAction\":[{\"@type\":\"SearchAction\",\"target\":{\"@type\":\"EntryPoint\",\"urlTemplate\":\"http:\\\/\\\/www.michael-riedel.at\\\/?s={search_term_string}\"},\"query-input\":{\"@type\":\"PropertyValueSpecification\",\"valueRequired\":true,\"valueName\":\"search_term_string\"}}],\"inLanguage\":\"en-US\"},{\"@type\":\"Organization\",\"@id\":\"http:\\\/\\\/www.michael-riedel.at\\\/#organization\",\"name\":\"Bowenpraxis Mag.(FH) Michael Riedel\",\"url\":\"http:\\\/\\\/www.michael-riedel.at\\\/\",\"logo\":{\"@type\":\"ImageObject\",\"inLanguage\":\"en-US\",\"@id\":\"http:\\\/\\\/www.michael-riedel.at\\\/#\\\/schema\\\/logo\\\/image\\\/\",\"url\":\"https:\\\/\\\/i0.wp.com\\\/www.michael-riedel.at\\\/wp-content\\\/uploads\\\/mr_background_popup_600x600.png?fit=600%2C600&ssl=1\",\"contentUrl\":\"https:\\\/\\\/i0.wp.com\\\/www.michael-riedel.at\\\/wp-content\\\/uploads\\\/mr_background_popup_600x600.png?fit=600%2C600&ssl=1\",\"width\":600,\"height\":600,\"caption\":\"Bowenpraxis Mag.(FH) Michael Riedel\"},\"image\":{\"@id\":\"http:\\\/\\\/www.michael-riedel.at\\\/#\\\/schema\\\/logo\\\/image\\\/\"}}]}<\/script>\n<!-- \/ Yoast SEO plugin. -->","yoast_head_json":{"title":"What Bowen is not","robots":{"index":"index","follow":"follow","max-snippet":"max-snippet:-1","max-image-preview":"max-image-preview:large","max-video-preview":"max-video-preview:-1"},"canonical":"https:\/\/www.michael-riedel.at\/en\/what-bowen-is-not\/","og_locale":"en_US","og_type":"article","og_title":"Was Bowen nicht ist","og_description":"Obwohl bei BOWEN immer ein ganzheitliches Verst\u00e4ndnis von K\u00f6rper, Geist und Seele mitschwingt, ist diese Technik keine rein k\u00f6rperliche, aber auch keine rein spirituelle Methode. BOWEN l\u00e4sst sich im Grunde mit keiner anderen Methode vergleichen und ist eine Technik, die viele Wirksamkeiten ins sich vereint. Bowen ist keine Massage. Obwohl die Technik an Muskeln und [&hellip;]","og_url":"https:\/\/www.michael-riedel.at\/en\/what-bowen-is-not\/","og_site_name":"Ganzheitliche Praxis f\u00fcr Aroma-, Bowen- und Frequenztherapie - Mag. (FH) Michael Riedel","article_modified_time":"2020-07-17T16:53:32+00:00","twitter_card":"summary_large_image","twitter_misc":{"Est. reading time":"1 minute"},"schema":{"@context":"https:\/\/schema.org","@graph":[{"@type":"WebPage","@id":"https:\/\/www.michael-riedel.at\/was-bowen-nicht-ist\/","url":"https:\/\/www.michael-riedel.at\/was-bowen-nicht-ist\/","name":"What Bowen is not","isPartOf":{"@id":"http:\/\/www.michael-riedel.at\/#website"},"datePublished":"2020-07-17T13:27:17+00:00","dateModified":"2020-07-17T16:53:32+00:00","breadcrumb":{"@id":"https:\/\/www.michael-riedel.at\/was-bowen-nicht-ist\/#breadcrumb"},"inLanguage":"en-US","potentialAction":[{"@type":"ReadAction","target":["https:\/\/www.michael-riedel.at\/was-bowen-nicht-ist\/"]}]},{"@type":"BreadcrumbList","@id":"https:\/\/www.michael-riedel.at\/was-bowen-nicht-ist\/#breadcrumb","itemListElement":[{"@type":"ListItem","position":1,"name":"Home","item":"https:\/\/www.michael-riedel.at\/"},{"@type":"ListItem","position":2,"name":"Was Bowen nicht ist"}]},{"@type":"WebSite","@id":"http:\/\/www.michael-riedel.at\/#website","url":"http:\/\/www.michael-riedel.at\/","name":"Holistic practice for aroma, Bowen and frequency therapy - Mag. (FH) Michael Riedel","description":"","publisher":{"@id":"http:\/\/www.michael-riedel.at\/#organization"},"potentialAction":[{"@type":"SearchAction","target":{"@type":"EntryPoint","urlTemplate":"http:\/\/www.michael-riedel.at\/?s={search_term_string}"},"query-input":{"@type":"PropertyValueSpecification","valueRequired":true,"valueName":"search_term_string"}}],"inLanguage":"en-US"},{"@type":"Organization","@id":"http:\/\/www.michael-riedel.at\/#organization","name":"Bowen practice Mag.(FH) Michael Riedel","url":"http:\/\/www.michael-riedel.at\/","logo":{"@type":"ImageObject","inLanguage":"en-US","@id":"http:\/\/www.michael-riedel.at\/#\/schema\/logo\/image\/","url":"https:\/\/i0.wp.com\/www.michael-riedel.at\/wp-content\/uploads\/mr_background_popup_600x600.png?fit=600%2C600&ssl=1","contentUrl":"https:\/\/i0.wp.com\/www.michael-riedel.at\/wp-content\/uploads\/mr_background_popup_600x600.png?fit=600%2C600&ssl=1","width":600,"height":600,"caption":"Bowenpraxis Mag.(FH) Michael Riedel"},"image":{"@id":"http:\/\/www.michael-riedel.at\/#\/schema\/logo\/image\/"}}]}},"_links":{"self":[{"href":"http:\/\/www.michael-riedel.at\/en\/wp-json\/wp\/v2\/pages\/1030","targetHints":{"allow":["GET"]}}],"collection":[{"href":"http:\/\/www.michael-riedel.at\/en\/wp-json\/wp\/v2\/pages"}],"about":[{"href":"http:\/\/www.michael-riedel.at\/en\/wp-json\/wp\/v2\/types\/page"}],"author":[{"embeddable":true,"href":"http:\/\/www.michael-riedel.at\/en\/wp-json\/wp\/v2\/users\/1"}],"replies":[{"embeddable":true,"href":"http:\/\/www.michael-riedel.at\/en\/wp-json\/wp\/v2\/comments?post=1030"}],"version-history":[{"count":0,"href":"http:\/\/www.michael-riedel.at\/en\/wp-json\/wp\/v2\/pages\/1030\/revisions"}],"wp:attachment":[{"href":"http:\/\/www.michael-riedel.at\/en\/wp-json\/wp\/v2\/media?parent=1030"}],"curies":[{"name":"wp","href":"https:\/\/api.w.org\/{rel}","templated":true}]}}