{"id":1406,"date":"2020-08-31T10:58:15","date_gmt":"2020-08-31T10:58:15","guid":{"rendered":"http:\/\/www.michael-riedel.at\/?page_id=1406"},"modified":"2020-09-02T20:49:21","modified_gmt":"2020-09-02T20:49:21","slug":"offre-dentreprise","status":"publish","type":"page","link":"http:\/\/www.michael-riedel.at\/fr\/offre-dentreprise\/","title":{"rendered":"Offre de l'entreprise"},"content":{"rendered":"<p>Les employ\u00e9s qui travaillent principalement en position assise ont souvent tendance \u00e0 adopter une mauvaise posture. Par cons\u00e9quent, des douleurs cervicales et dorsales peuvent survenir et provoquer un malaise au travail. Les migraines et les maux de t\u00eate font \u00e9galement partie des dysharmonies fr\u00e9quentes. Or, ces troubles peuvent \u00eatre source de stress. Le \"stress\" est un mot qui est sur toutes les l\u00e8vres, mais ses cons\u00e9quences sont plus profondes qu'on ne le souhaiterait et peuvent entra\u00eener de graves r\u00e9percussions.<\/p>\n\n\n\n<p>Il est bien connu que le stress n'affecte pas seulement le corps, mais aussi l'\u00e9tat mental et \u00e9motionnel (voir \"Stress und Stressbew\u00e4ltigung\" de Heinrichs, St\u00e4chele, Domes), que l'employ\u00e9 emporte g\u00e9n\u00e9ralement avec lui sur son lieu de travail.<\/p>\n\n\n\n<p>De nombreuses entreprises d\u00e9couvrent la valeur ajout\u00e9e des mesures de promotion de la sant\u00e9 et font appel \u00e0 des praticiens Bowen mobiles. <\/p>\n\n\n\n<p>Vous aussi, prenez soin de votre entreprise et de vos collaborateurs au moyen de <a href=\"http:\/\/www.michael-riedel.at\/fr\/mesurer-la-sante\/\">HRV - Mesures de la sant\u00e9 <\/a> et <a href=\"http:\/\/www.michael-riedel.at\/fr\/ce-quest-le-bowen\/\">Applications de Bowenand <\/a>pour se d\u00e9tendre. <\/p>\n\n\n\n<h2 class=\"wp-block-heading\">Avantages pour les employ\u00e9s<\/h2>\n\n\n\n<ul class=\"wp-block-list\"><li>Bilan de sant\u00e9 d\u00e9taill\u00e9 au moyen de la VRC (mesure de la variabilit\u00e9 du rythme cardiaque)<\/li><li>les tensions sont soulag\u00e9es et le stress est r\u00e9duit<\/li><li>Gain de temps - utilisation du service au bureau - pas de voie hi\u00e9rarchique externe <\/li><li>r\u00e9servation facile via un formulaire en ligne<\/li><li>Id\u00e9alement, participation de l'employeur de 50 \u00e0 100%<\/li><\/ul>\n\n\n\n<h2 class=\"wp-block-heading\">Avantages pour l'entreprise<\/h2>\n\n\n\n<ul class=\"wp-block-list\"><li>R\u00e9duction de l'absent\u00e9isme<\/li><li>Fid\u00e9lisation du personnel et augmentation de la motivation intrins\u00e8que<\/li><li>Augmentation du bien-\u00eatre et am\u00e9lioration de l'\u00e9quilibre entre vie professionnelle et vie priv\u00e9e<\/li><li>Accord sur des heures d'application fixes (jour de la semaine) \u00e0 r\u00e9server librement par les collaborateurs<\/li><li>Convient \u00e0 tous les groupes d'\u00e2ge<\/li><\/ul>\n\n\n\n<p><\/p>\n\n\n\n<h2 class=\"wp-block-heading\">D\u00e9roulement \/ conditions cadres<\/h2>\n\n\n\n<p>(FH) Michael Riedel propose un formulaire de prise de rendez-vous en ligne.<\/p>\n\n\n\n<p>La table de massage et tous les accessoires pertinents sont apport\u00e9s. <\/p>\n\n\n\n<p>Co\u00fbt pour l'entreprise : Salle d'application dans laquelle une table de massage de taille normale peut \u00eatre plac\u00e9e.<\/p>","protected":false},"excerpt":{"rendered":"<p>Mitarbeiter mit \u00fcberwiegend sitzender T\u00e4tigkeit neigen h\u00e4ufig zu ungesunder K\u00f6rperhaltung. In Folge k\u00f6nnen Nacken- und R\u00fcckenschmerzen auftreten und Unwohlsein am Arbeitsplatz verursachen. Migr\u00e4ne und Kopfschmerzen z\u00e4hlen ebenso zu h\u00e4ufigen Disharmonien. Diese Beschwerden k\u00f6nnen jedoch Stress mit sich bringen. &#8222;Stress&#8220; ein Wort in aller Munde, doch seine Folgen sind tiefgreifender als erw\u00fcnscht und k\u00f6nnen gravierende Einschnitte [&hellip;]<\/p>\n","protected":false},"author":1,"featured_media":0,"parent":0,"menu_order":0,"comment_status":"closed","ping_status":"closed","template":"","meta":{"footnotes":""},"class_list":["post-1406","page","type-page","status-publish","hentry"],"yoast_head":"<!-- This site is optimized with the Yoast SEO plugin v27.5 - https:\/\/yoast.com\/product\/yoast-seo-wordpress\/ -->\n<title>Firmenangebot - Ganzheitliche Praxis f\u00fcr Aroma-, Bowen- und Frequenztherapie - Mag. (FH) Michael Riedel<\/title>\n<meta name=\"description\" content=\"Angebot zur Senkung der Krankenst\u00e4nde sowie Mitarbeiterbindung und Steigerung der intrinsischen Motivation und Steigerung des Wohlbefindens und Verbesserung der Work-Life-Balance.\" \/>\n<meta name=\"robots\" content=\"index, follow, max-snippet:-1, max-image-preview:large, max-video-preview:-1\" \/>\n<link rel=\"canonical\" href=\"https:\/\/www.michael-riedel.at\/fr\/offre-dentreprise\/\" \/>\n<meta property=\"og:locale\" content=\"fr_FR\" \/>\n<meta property=\"og:type\" content=\"article\" \/>\n<meta property=\"og:title\" content=\"Firmenangebot - Ganzheitliche Praxis f\u00fcr Aroma-, Bowen- und Frequenztherapie - Mag. (FH) Michael Riedel\" \/>\n<meta property=\"og:description\" content=\"Angebot zur Senkung der Krankenst\u00e4nde sowie Mitarbeiterbindung und Steigerung der intrinsischen Motivation und Steigerung des Wohlbefindens und Verbesserung der Work-Life-Balance.\" \/>\n<meta property=\"og:url\" content=\"https:\/\/www.michael-riedel.at\/fr\/offre-dentreprise\/\" \/>\n<meta property=\"og:site_name\" content=\"Ganzheitliche Praxis f\u00fcr Aroma-, Bowen- und Frequenztherapie - Mag. (FH) Michael Riedel\" \/>\n<meta property=\"article:modified_time\" content=\"2020-09-02T20:49:21+00:00\" \/>\n<meta name=\"twitter:card\" content=\"summary_large_image\" \/>\n<meta name=\"twitter:label1\" content=\"Dur\u00e9e de lecture estim\u00e9e\" \/>\n\t<meta name=\"twitter:data1\" content=\"1 minute\" \/>\n<script type=\"application\/ld+json\" class=\"yoast-schema-graph\">{\"@context\":\"https:\\\/\\\/schema.org\",\"@graph\":[{\"@type\":\"WebPage\",\"@id\":\"https:\\\/\\\/www.michael-riedel.at\\\/firmenangebot\\\/\",\"url\":\"https:\\\/\\\/www.michael-riedel.at\\\/firmenangebot\\\/\",\"name\":\"Firmenangebot - Ganzheitliche Praxis f\u00fcr Aroma-, Bowen- und Frequenztherapie - Mag. (FH) Michael Riedel\",\"isPartOf\":{\"@id\":\"http:\\\/\\\/www.michael-riedel.at\\\/#website\"},\"datePublished\":\"2020-08-31T10:58:15+00:00\",\"dateModified\":\"2020-09-02T20:49:21+00:00\",\"description\":\"Angebot zur Senkung der Krankenst\u00e4nde sowie Mitarbeiterbindung und Steigerung der intrinsischen Motivation und Steigerung des Wohlbefindens und Verbesserung der Work-Life-Balance.\",\"breadcrumb\":{\"@id\":\"https:\\\/\\\/www.michael-riedel.at\\\/firmenangebot\\\/#breadcrumb\"},\"inLanguage\":\"fr-FR\",\"potentialAction\":[{\"@type\":\"ReadAction\",\"target\":[\"https:\\\/\\\/www.michael-riedel.at\\\/firmenangebot\\\/\"]}]},{\"@type\":\"BreadcrumbList\",\"@id\":\"https:\\\/\\\/www.michael-riedel.at\\\/firmenangebot\\\/#breadcrumb\",\"itemListElement\":[{\"@type\":\"ListItem\",\"position\":1,\"name\":\"Home\",\"item\":\"https:\\\/\\\/www.michael-riedel.at\\\/\"},{\"@type\":\"ListItem\",\"position\":2,\"name\":\"Firmenangebot\"}]},{\"@type\":\"WebSite\",\"@id\":\"http:\\\/\\\/www.michael-riedel.at\\\/#website\",\"url\":\"http:\\\/\\\/www.michael-riedel.at\\\/\",\"name\":\"Ganzheitliche Praxis f\u00fcr Aroma-, Bowen- und Frequenztherapie - Mag. (FH) Michael Riedel\",\"description\":\"\",\"publisher\":{\"@id\":\"http:\\\/\\\/www.michael-riedel.at\\\/#organization\"},\"potentialAction\":[{\"@type\":\"SearchAction\",\"target\":{\"@type\":\"EntryPoint\",\"urlTemplate\":\"http:\\\/\\\/www.michael-riedel.at\\\/?s={search_term_string}\"},\"query-input\":{\"@type\":\"PropertyValueSpecification\",\"valueRequired\":true,\"valueName\":\"search_term_string\"}}],\"inLanguage\":\"fr-FR\"},{\"@type\":\"Organization\",\"@id\":\"http:\\\/\\\/www.michael-riedel.at\\\/#organization\",\"name\":\"Bowenpraxis Mag.(FH) Michael Riedel\",\"url\":\"http:\\\/\\\/www.michael-riedel.at\\\/\",\"logo\":{\"@type\":\"ImageObject\",\"inLanguage\":\"fr-FR\",\"@id\":\"http:\\\/\\\/www.michael-riedel.at\\\/#\\\/schema\\\/logo\\\/image\\\/\",\"url\":\"https:\\\/\\\/i0.wp.com\\\/www.michael-riedel.at\\\/wp-content\\\/uploads\\\/mr_background_popup_600x600.png?fit=600%2C600&ssl=1\",\"contentUrl\":\"https:\\\/\\\/i0.wp.com\\\/www.michael-riedel.at\\\/wp-content\\\/uploads\\\/mr_background_popup_600x600.png?fit=600%2C600&ssl=1\",\"width\":600,\"height\":600,\"caption\":\"Bowenpraxis Mag.(FH) Michael Riedel\"},\"image\":{\"@id\":\"http:\\\/\\\/www.michael-riedel.at\\\/#\\\/schema\\\/logo\\\/image\\\/\"}}]}<\/script>\n<!-- \/ Yoast SEO plugin. -->","yoast_head_json":{"title":"Offre de l'entreprise - Cabinet holistique d'aromath\u00e9rapie, de th\u00e9rapie Bowen et de th\u00e9rapie par la fr\u00e9quence - Mag. (FH) Michael Riedel","description":"Offre visant \u00e0 r\u00e9duire les absences pour maladie ainsi qu'\u00e0 fid\u00e9liser le personnel et \u00e0 augmenter la motivation intrins\u00e8que et le bien-\u00eatre et \u00e0 am\u00e9liorer l'\u00e9quilibre entre vie professionnelle et vie priv\u00e9e.","robots":{"index":"index","follow":"follow","max-snippet":"max-snippet:-1","max-image-preview":"max-image-preview:large","max-video-preview":"max-video-preview:-1"},"canonical":"https:\/\/www.michael-riedel.at\/fr\/offre-dentreprise\/","og_locale":"fr_FR","og_type":"article","og_title":"Firmenangebot - Ganzheitliche Praxis f\u00fcr Aroma-, Bowen- und Frequenztherapie - Mag. (FH) Michael Riedel","og_description":"Angebot zur Senkung der Krankenst\u00e4nde sowie Mitarbeiterbindung und Steigerung der intrinsischen Motivation und Steigerung des Wohlbefindens und Verbesserung der Work-Life-Balance.","og_url":"https:\/\/www.michael-riedel.at\/fr\/offre-dentreprise\/","og_site_name":"Ganzheitliche Praxis f\u00fcr Aroma-, Bowen- und Frequenztherapie - Mag. (FH) Michael Riedel","article_modified_time":"2020-09-02T20:49:21+00:00","twitter_card":"summary_large_image","twitter_misc":{"Dur\u00e9e de lecture estim\u00e9e":"1 minute"},"schema":{"@context":"https:\/\/schema.org","@graph":[{"@type":"WebPage","@id":"https:\/\/www.michael-riedel.at\/firmenangebot\/","url":"https:\/\/www.michael-riedel.at\/firmenangebot\/","name":"Offre de l'entreprise - Cabinet holistique d'aromath\u00e9rapie, de th\u00e9rapie Bowen et de th\u00e9rapie par la fr\u00e9quence - Mag. (FH) Michael Riedel","isPartOf":{"@id":"http:\/\/www.michael-riedel.at\/#website"},"datePublished":"2020-08-31T10:58:15+00:00","dateModified":"2020-09-02T20:49:21+00:00","description":"Offre visant \u00e0 r\u00e9duire les absences pour maladie ainsi qu'\u00e0 fid\u00e9liser le personnel et \u00e0 augmenter la motivation intrins\u00e8que et le bien-\u00eatre et \u00e0 am\u00e9liorer l'\u00e9quilibre entre vie professionnelle et vie priv\u00e9e.","breadcrumb":{"@id":"https:\/\/www.michael-riedel.at\/firmenangebot\/#breadcrumb"},"inLanguage":"fr-FR","potentialAction":[{"@type":"ReadAction","target":["https:\/\/www.michael-riedel.at\/firmenangebot\/"]}]},{"@type":"BreadcrumbList","@id":"https:\/\/www.michael-riedel.at\/firmenangebot\/#breadcrumb","itemListElement":[{"@type":"ListItem","position":1,"name":"Home","item":"https:\/\/www.michael-riedel.at\/"},{"@type":"ListItem","position":2,"name":"Firmenangebot"}]},{"@type":"WebSite","@id":"http:\/\/www.michael-riedel.at\/#website","url":"http:\/\/www.michael-riedel.at\/","name":"Cabinet holistique d'aromath\u00e9rapie, de th\u00e9rapie bowen et de th\u00e9rapie par la fr\u00e9quence - Michael Riedel, mag (FH)","description":"","publisher":{"@id":"http:\/\/www.michael-riedel.at\/#organization"},"potentialAction":[{"@type":"SearchAction","target":{"@type":"EntryPoint","urlTemplate":"http:\/\/www.michael-riedel.at\/?s={search_term_string}"},"query-input":{"@type":"PropertyValueSpecification","valueRequired":true,"valueName":"search_term_string"}}],"inLanguage":"fr-FR"},{"@type":"Organization","@id":"http:\/\/www.michael-riedel.at\/#organization","name":"Cabinet Bowen Mag.(FH) Michael Riedel","url":"http:\/\/www.michael-riedel.at\/","logo":{"@type":"ImageObject","inLanguage":"fr-FR","@id":"http:\/\/www.michael-riedel.at\/#\/schema\/logo\/image\/","url":"https:\/\/i0.wp.com\/www.michael-riedel.at\/wp-content\/uploads\/mr_background_popup_600x600.png?fit=600%2C600&ssl=1","contentUrl":"https:\/\/i0.wp.com\/www.michael-riedel.at\/wp-content\/uploads\/mr_background_popup_600x600.png?fit=600%2C600&ssl=1","width":600,"height":600,"caption":"Bowenpraxis Mag.(FH) Michael Riedel"},"image":{"@id":"http:\/\/www.michael-riedel.at\/#\/schema\/logo\/image\/"}}]}},"_links":{"self":[{"href":"http:\/\/www.michael-riedel.at\/fr\/wp-json\/wp\/v2\/pages\/1406","targetHints":{"allow":["GET"]}}],"collection":[{"href":"http:\/\/www.michael-riedel.at\/fr\/wp-json\/wp\/v2\/pages"}],"about":[{"href":"http:\/\/www.michael-riedel.at\/fr\/wp-json\/wp\/v2\/types\/page"}],"author":[{"embeddable":true,"href":"http:\/\/www.michael-riedel.at\/fr\/wp-json\/wp\/v2\/users\/1"}],"replies":[{"embeddable":true,"href":"http:\/\/www.michael-riedel.at\/fr\/wp-json\/wp\/v2\/comments?post=1406"}],"version-history":[{"count":0,"href":"http:\/\/www.michael-riedel.at\/fr\/wp-json\/wp\/v2\/pages\/1406\/revisions"}],"wp:attachment":[{"href":"http:\/\/www.michael-riedel.at\/fr\/wp-json\/wp\/v2\/media?parent=1406"}],"curies":[{"name":"wp","href":"https:\/\/api.w.org\/{rel}","templated":true}]}}